{"id":276,"date":"2023-05-12T09:19:57","date_gmt":"2023-05-12T07:19:57","guid":{"rendered":"https:\/\/cartacalmachicha.com\/?page_id=276"},"modified":"2026-01-27T19:14:29","modified_gmt":"2026-01-27T18:14:29","slug":"vorspeisen","status":"publish","type":"page","link":"https:\/\/cartacalmachicha.com\/de\/vorspeisen\/","title":{"rendered":"Vorspeisen"},"content":{"rendered":"\t\t<div data-elementor-type=\"wp-page\" data-elementor-id=\"276\" class=\"elementor elementor-276 elementor-275\" data-elementor-post-type=\"page\">\n\t\t\t\t\t\t<section class=\"elementor-section elementor-top-section elementor-element elementor-element-3d2a015 elementor-section-height-min-height elementor-section-boxed elementor-section-height-default elementor-section-items-middle\" data-id=\"3d2a015\" data-element_type=\"section\" data-settings=\"{&quot;background_background&quot;:&quot;classic&quot;}\">\n\t\t\t\t\t\t<div class=\"elementor-container elementor-column-gap-default\">\n\t\t\t\t\t<div class=\"elementor-column elementor-col-100 elementor-top-column elementor-element elementor-element-f42b011\" data-id=\"f42b011\" data-element_type=\"column\">\n\t\t\t<div class=\"elementor-widget-wrap\">\n\t\t\t\t\t\t\t<\/div>\n\t\t<\/div>\n\t\t\t\t\t<\/div>\n\t\t<\/section>\n\t\t\t\t<section class=\"elementor-section elementor-top-section elementor-element elementor-element-7823390 elementor-section-boxed elementor-section-height-default elementor-section-height-default\" data-id=\"7823390\" data-element_type=\"section\" data-settings=\"{&quot;background_background&quot;:&quot;classic&quot;}\">\n\t\t\t\t\t\t<div class=\"elementor-container elementor-column-gap-default\">\n\t\t\t\t\t<div class=\"elementor-column elementor-col-100 elementor-top-column elementor-element elementor-element-fdfe941\" data-id=\"fdfe941\" data-element_type=\"column\">\n\t\t\t<div class=\"elementor-widget-wrap elementor-element-populated\">\n\t\t\t\t\t\t<div class=\"elementor-element elementor-element-f3de1ee elementor-widget elementor-widget-price-list\" data-id=\"f3de1ee\" data-element_type=\"widget\" data-widget_type=\"price-list.default\">\n\t\t\t\t<div class=\"elementor-widget-container\">\n\t\t\t\t\t\n\t\t<ul class=\"elementor-price-list\">\n\n\t\t\t\t\t\t\t\t\t<li class=\"elementor-price-list-item\">\t\t\t\t\n\t\t\t\t<div class=\"elementor-price-list-text\">\n\t\t\t\t\t\t\t\t\t<div class=\"elementor-price-list-header\">\n\t\t\t\t\t\t\t\t\t\t\t<span class=\"elementor-price-list-title\">\n\t\t\t\t\t\t\tUnsere Suppe oder Creme der Woche, jede Woche eine neue Suppe, (fragen Sie den Kellner)\t\t\t\t\t\t<\/span>\n\t\t\t\t\t\t\t\t\t\t\t\t\t\t\t\t\t\t\t\t\t\t\t\t<span class=\"elementor-price-list-price\">11\u20ac<\/span>\n\t\t\t\t\t\t\t\t\t\t<\/div>\n\t\t\t\t\t\t\t\t\t\t\t\t<\/div>\n\t\t\t\t<\/li>\t\t\t\t\t\t\t\t\t\t\t\t<li class=\"elementor-price-list-item\">\t\t\t\t\n\t\t\t\t<div class=\"elementor-price-list-text\">\n\t\t\t\t\t\t\t\t\t<div class=\"elementor-price-list-header\">\n\t\t\t\t\t\t\t\t\t\t\t<span class=\"elementor-price-list-title\">\n\t\t\t\t\t\t\tJakobsmuschel, mariniert mit Mirin, Kaffernlimette und Passionsfrucht, dazu ein Salat aus Meerfenchel, Apfel und Gurke\t\t\t\t\t\t<\/span>\n\t\t\t\t\t\t\t\t\t\t\t\t\t\t\t\t\t\t\t\t\t\t\t\t<span class=\"elementor-price-list-price\">20\u20ac<\/span>\n\t\t\t\t\t\t\t\t\t\t<\/div>\n\t\t\t\t\t\t\t\t\t\t\t\t<\/div>\n\t\t\t\t<\/li>\t\t\t\t\t\t\t\t\t\t\t\t<li class=\"elementor-price-list-item\">\t\t\t\t\n\t\t\t\t<div class=\"elementor-price-list-text\">\n\t\t\t\t\t\t\t\t\t<div class=\"elementor-price-list-header\">\n\t\t\t\t\t\t\t\t\t\t\t<span class=\"elementor-price-list-title\">\n\t\t\t\t\t\t\tGebratene Muscheln auf roter Jaipur-Currycreme\t\t\t\t\t\t<\/span>\n\t\t\t\t\t\t\t\t\t\t\t\t\t\t\t\t\t\t\t\t\t\t\t\t<span class=\"elementor-price-list-price\">16\u20ac<\/span>\n\t\t\t\t\t\t\t\t\t\t<\/div>\n\t\t\t\t\t\t\t\t\t\t\t\t<\/div>\n\t\t\t\t<\/li>\t\t\t\t\t\t\t\t\t\t\t\t<li class=\"elementor-price-list-item\">\t\t\t\t\n\t\t\t\t<div class=\"elementor-price-list-text\">\n\t\t\t\t\t\t\t\t\t<div class=\"elementor-price-list-header\">\n\t\t\t\t\t\t\t\t\t\t\t<span class=\"elementor-price-list-title\">\n\t\t\t\t\t\t\tIberische Schweineschulter mariniert in aromatischen Kr\u00e4utern, Tr\u00fcffelschaum, Feigen, Manchego-K\u00e4se und Pinienkernen\t\t\t\t\t\t<\/span>\n\t\t\t\t\t\t\t\t\t\t\t\t\t\t\t\t\t\t\t\t\t\t\t\t<span class=\"elementor-price-list-price\">13\u20ac<\/span>\n\t\t\t\t\t\t\t\t\t\t<\/div>\n\t\t\t\t\t\t\t\t\t\t\t\t<\/div>\n\t\t\t\t<\/li>\t\t\t\t\t\t\t\t\t\t\t\t<li class=\"elementor-price-list-item\">\t\t\t\t\n\t\t\t\t<div class=\"elementor-price-list-text\">\n\t\t\t\t\t\t\t\t\t<div class=\"elementor-price-list-header\">\n\t\t\t\t\t\t\t\t\t\t\t<span class=\"elementor-price-list-title\">\n\t\t\t\t\t\t\tKrabbenb\u00e4llchen mit tropischer Ananas und Rote-Bete-Tartar, zersto\u00dfenen schwarzen Oliven und schwarzen Sesamchips\t\t\t\t\t\t<\/span>\n\t\t\t\t\t\t\t\t\t\t\t\t\t\t\t\t\t\t\t\t\t\t\t\t<span class=\"elementor-price-list-price\">18\u20ac<\/span>\n\t\t\t\t\t\t\t\t\t\t<\/div>\n\t\t\t\t\t\t\t\t\t\t\t\t<\/div>\n\t\t\t\t<\/li>\t\t\t\t\t\t\t\t\t\t\t\t<li class=\"elementor-price-list-item\">\t\t\t\t\n\t\t\t\t<div class=\"elementor-price-list-text\">\n\t\t\t\t\t\t\t\t\t<div class=\"elementor-price-list-header\">\n\t\t\t\t\t\t\t\t\t\t\t<span class=\"elementor-price-list-title\">\n\t\t\t\t\t\t\tGegrillter und lackierter Oktopus mit Miso- und Sesamsauce, serviert mit ger\u00e4ucherter Mozzarellacreme, konfitierten Kirschtomaten, Basilikumsteinen und schwarzer Knoblauchcreme\t\t\t\t\t\t<\/span>\n\t\t\t\t\t\t\t\t\t\t\t\t\t\t\t\t\t\t\t\t\t\t\t\t<span class=\"elementor-price-list-price\">21\u20ac<\/span>\n\t\t\t\t\t\t\t\t\t\t<\/div>\n\t\t\t\t\t\t\t\t\t\t\t\t<\/div>\n\t\t\t\t<\/li>\t\t\t\t\t\t\t\t\t\t\t\t<li class=\"elementor-price-list-item\">\t\t\t\t\n\t\t\t\t<div class=\"elementor-price-list-text\">\n\t\t\t\t\t\t\t\t\t<div class=\"elementor-price-list-header\">\n\t\t\t\t\t\t\t\t\t\t\t<span class=\"elementor-price-list-title\">\n\t\t\t\t\t\t\tThail\u00e4ndische Version von \u201eGalic Prawns\u201c; In Kokos\u00f6l und Ingwer sautierte Garnelen mit Kaffernlimetten-Aroma und Koriander\t\t\t\t\t\t<\/span>\n\t\t\t\t\t\t\t\t\t\t\t\t\t\t\t\t\t\t\t\t\t\t\t\t<span class=\"elementor-price-list-price\">16\u20ac<\/span>\n\t\t\t\t\t\t\t\t\t\t<\/div>\n\t\t\t\t\t\t\t\t\t\t\t\t<\/div>\n\t\t\t\t<\/li>\t\t\t\t\t\t\t\t\t\t\t\t<li class=\"elementor-price-list-item\">\t\t\t\t\n\t\t\t\t<div class=\"elementor-price-list-text\">\n\t\t\t\t\t\t\t\t\t<div class=\"elementor-price-list-header\">\n\t\t\t\t\t\t\t\t\t\t\t<span class=\"elementor-price-list-title\">\n\t\t\t\t\t\t\tZackenbarsch- oder Schnapper-Carpaccio mit Mango-Ceviche, Avocado-Eis, knusprig ger\u00f6stetem Mais und zartem Sprossensalat\t\t\t\t\t\t<\/span>\n\t\t\t\t\t\t\t\t\t\t\t\t\t\t\t\t\t\t\t\t\t\t\t\t<span class=\"elementor-price-list-price\">16\u20ac<\/span>\n\t\t\t\t\t\t\t\t\t\t<\/div>\n\t\t\t\t\t\t\t\t\t\t\t\t<\/div>\n\t\t\t\t<\/li>\t\t\t\t\t\t\t\t\t\t\t\t<li class=\"elementor-price-list-item\">\t\t\t\t\n\t\t\t\t<div class=\"elementor-price-list-text\">\n\t\t\t\t\t\t\t\t\t<div class=\"elementor-price-list-header\">\n\t\t\t\t\t\t\t\t\t\t\t<span class=\"elementor-price-list-title\">\n\t\t\t\t\t\t\tVerschiedene vakuumgegarte Gem\u00fcsesorten auf R\u00fcben-Hummus, salzigem D\u00f6rrobst-Crumble und Haselnuss\u00f6l\t\t\t\t\t\t<\/span>\n\t\t\t\t\t\t\t\t\t\t\t\t\t\t\t\t\t\t\t\t\t\t\t\t<span class=\"elementor-price-list-price\">11,50\u20ac<\/span>\n\t\t\t\t\t\t\t\t\t\t<\/div>\n\t\t\t\t\t\t\t\t\t\t\t\t<\/div>\n\t\t\t\t<\/li>\t\t\t\t\t\t\t\t\t\t\t\t<li class=\"elementor-price-list-item\">\t\t\t\t\n\t\t\t\t<div class=\"elementor-price-list-text\">\n\t\t\t\t\t\t\t\t\t<div class=\"elementor-price-list-header\">\n\t\t\t\t\t\t\t\t\t\t\t<span class=\"elementor-price-list-title\">\n\t\t\t\t\t\t\tSalat und crudit\u00e9ssalat mit gereiftem Ziegenk\u00e4se und Palmhonigvinaigrette\t\t\t\t\t\t<\/span>\n\t\t\t\t\t\t\t\t\t\t\t\t\t\t\t\t\t\t\t\t\t\t\t\t<span class=\"elementor-price-list-price\">11\u20ac<\/span>\n\t\t\t\t\t\t\t\t\t\t<\/div>\n\t\t\t\t\t\t\t\t\t\t\t\t<\/div>\n\t\t\t\t<\/li>\t\t\t\t\t\t\t\t\t\t\t\t<li class=\"elementor-price-list-item\">\t\t\t\t\n\t\t\t\t<div class=\"elementor-price-list-text\">\n\t\t\t\t\t\t\t\t\t<div class=\"elementor-price-list-header\">\n\t\t\t\t\t\t\t\t\t\t\t<span class=\"elementor-price-list-title\">\n\t\t\t\t\t\t\tBr\u00f6tchenservice\t\t\t\t\t\t<\/span>\n\t\t\t\t\t\t\t\t\t\t\t\t\t\t\t\t\t\t\t\t\t\t\t\t<span class=\"elementor-price-list-price\">2\u20ac<\/span>\n\t\t\t\t\t\t\t\t\t\t<\/div>\n\t\t\t\t\t\t\t\t\t\t\t\t<\/div>\n\t\t\t\t<\/li>\t\t\t\t\t\t\t\t\t\t\t\t<li class=\"elementor-price-list-item\">\t\t\t\t\n\t\t\t\t<div class=\"elementor-price-list-text\">\n\t\t\t\t\t\t\t\t\t<div class=\"elementor-price-list-header\">\n\t\t\t\t\t\t\t\t\t\t\t<span class=\"elementor-price-list-title\">\n\t\t\t\t\t\t\tGlutenfreier Br\u00f6tchenservice\t\t\t\t\t\t<\/span>\n\t\t\t\t\t\t\t\t\t\t\t\t\t\t\t\t\t\t\t\t\t\t\t\t<span class=\"elementor-price-list-price\">2,50\u20ac<\/span>\n\t\t\t\t\t\t\t\t\t\t<\/div>\n\t\t\t\t\t\t\t\t\t\t\t\t<\/div>\n\t\t\t\t<\/li>\t\t\t\t\t\n\t\t<\/ul>\n\n\t\t\t\t\t\t<\/div>\n\t\t\t\t<\/div>\n\t\t\t\t<div class=\"elementor-element elementor-element-d15a9db elementor-widget elementor-widget-spacer\" data-id=\"d15a9db\" data-element_type=\"widget\" data-widget_type=\"spacer.default\">\n\t\t\t\t<div class=\"elementor-widget-container\">\n\t\t\t\t\t\t\t<div class=\"elementor-spacer\">\n\t\t\t<div class=\"elementor-spacer-inner\"><\/div>\n\t\t<\/div>\n\t\t\t\t\t\t<\/div>\n\t\t\t\t<\/div>\n\t\t\t\t<div class=\"elementor-element elementor-element-d2e729e elementor-widget elementor-widget-heading\" data-id=\"d2e729e\" data-element_type=\"widget\" data-widget_type=\"heading.default\">\n\t\t\t\t<div class=\"elementor-widget-container\">\n\t\t\t\t\t<span class=\"elementor-heading-title elementor-size-default\">Wenn Sie an einer Nahrungsmittelallergie leiden, benachrichtigen Sie bitte den Kellner. Danke<\/span>\t\t\t\t<\/div>\n\t\t\t\t<\/div>\n\t\t\t\t\t<\/div>\n\t\t<\/div>\n\t\t\t\t\t<\/div>\n\t\t<\/section>\n\t\t\t\t<section class=\"elementor-section elementor-top-section elementor-element elementor-element-d30d583 elementor-section-height-min-height elementor-section-boxed elementor-section-height-default elementor-section-items-middle\" data-id=\"d30d583\" data-element_type=\"section\" data-settings=\"{&quot;background_background&quot;:&quot;classic&quot;}\">\n\t\t\t\t\t\t<div class=\"elementor-container elementor-column-gap-default\">\n\t\t\t\t\t<div class=\"elementor-column elementor-col-100 elementor-top-column elementor-element elementor-element-9d120ca\" data-id=\"9d120ca\" data-element_type=\"column\">\n\t\t\t<div class=\"elementor-widget-wrap\">\n\t\t\t\t\t\t\t<\/div>\n\t\t<\/div>\n\t\t\t\t\t<\/div>\n\t\t<\/section>\n\t\t\t\t<\/div>\n\t\t","protected":false},"excerpt":{"rendered":"<p>Unsere Suppe oder Creme der Woche, jede Woche eine neue Suppe, (fragen Sie den Kellner) 11\u20ac Jakobsmuschel, mariniert mit Mirin, Kaffernlimette und Passionsfrucht, dazu ein Salat aus Meerfenchel, Apfel und Gurke 20\u20ac Gebratene Muscheln auf roter Jaipur-Currycreme 16\u20ac Iberische Schweineschulter mariniert in aromatischen Kr\u00e4utern, Tr\u00fcffelschaum, Feigen, Manchego-K\u00e4se und Pinienkernen 13\u20ac Krabbenb\u00e4llchen mit tropischer Ananas und [&hellip;]<\/p>\n","protected":false},"author":2,"featured_media":0,"parent":0,"menu_order":0,"comment_status":"closed","ping_status":"closed","template":"elementor_header_footer","meta":{"footnotes":""},"class_list":["post-276","page","type-page","status-publish","hentry"],"yoast_head":"<!-- This site is optimized with the Yoast SEO plugin v26.0 - https:\/\/yoast.com\/wordpress\/plugins\/seo\/ -->\n<title>Vorspeisen - Calma Chicha<\/title>\n<meta name=\"robots\" content=\"index, follow, max-snippet:-1, max-image-preview:large, max-video-preview:-1\" \/>\n<link rel=\"canonical\" href=\"https:\/\/cartacalmachicha.com\/entrantes-restaurante-mas-palomas\/\" \/>\n<meta property=\"og:locale\" content=\"de_DE\" \/>\n<meta property=\"og:type\" content=\"article\" \/>\n<meta property=\"og:title\" content=\"Vorspeisen - Calma Chicha\" \/>\n<meta property=\"og:description\" content=\"Unsere Suppe oder Creme der Woche, jede Woche eine neue Suppe, (fragen Sie den Kellner) 11\u20ac Jakobsmuschel, mariniert mit Mirin, Kaffernlimette und Passionsfrucht, dazu ein Salat aus Meerfenchel, Apfel und Gurke 20\u20ac Gebratene Muscheln auf roter Jaipur-Currycreme 16\u20ac Iberische Schweineschulter mariniert in aromatischen Kr\u00e4utern, Tr\u00fcffelschaum, Feigen, Manchego-K\u00e4se und Pinienkernen 13\u20ac Krabbenb\u00e4llchen mit tropischer Ananas und [&hellip;]\" \/>\n<meta property=\"og:url\" content=\"https:\/\/cartacalmachicha.com\/entrantes-restaurante-mas-palomas\/\" \/>\n<meta property=\"og:site_name\" content=\"Calma Chicha\" \/>\n<meta property=\"article:modified_time\" content=\"2026-01-27T18:14:29+00:00\" \/>\n<meta name=\"twitter:card\" content=\"summary_large_image\" \/>\n<meta name=\"twitter:label1\" content=\"Gesch\u00e4tzte Lesezeit\" \/>\n\t<meta name=\"twitter:data1\" content=\"1\u00a0Minute\" \/>\n<script type=\"application\/ld+json\" class=\"yoast-schema-graph\">{\"@context\":\"https:\/\/schema.org\",\"@graph\":[{\"@type\":\"WebPage\",\"@id\":\"https:\/\/cartacalmachicha.com\/entrantes-restaurante-mas-palomas\/\",\"url\":\"https:\/\/cartacalmachicha.com\/entrantes-restaurante-mas-palomas\/\",\"name\":\"Vorspeisen - Calma Chicha\",\"isPartOf\":{\"@id\":\"https:\/\/cartacalmachicha.com\/#website\"},\"datePublished\":\"2023-05-12T07:19:57+00:00\",\"dateModified\":\"2026-01-27T18:14:29+00:00\",\"breadcrumb\":{\"@id\":\"https:\/\/cartacalmachicha.com\/entrantes-restaurante-mas-palomas\/#breadcrumb\"},\"inLanguage\":\"de\",\"potentialAction\":[{\"@type\":\"ReadAction\",\"target\":[\"https:\/\/cartacalmachicha.com\/entrantes-restaurante-mas-palomas\/\"]}]},{\"@type\":\"BreadcrumbList\",\"@id\":\"https:\/\/cartacalmachicha.com\/entrantes-restaurante-mas-palomas\/#breadcrumb\",\"itemListElement\":[{\"@type\":\"ListItem\",\"position\":1,\"name\":\"Home\",\"item\":\"https:\/\/cartacalmachicha.com\/\"},{\"@type\":\"ListItem\",\"position\":2,\"name\":\"Vorspeisen\"}]},{\"@type\":\"WebSite\",\"@id\":\"https:\/\/cartacalmachicha.com\/#website\",\"url\":\"https:\/\/cartacalmachicha.com\/\",\"name\":\"Calma Chicha\",\"description\":\"\",\"publisher\":{\"@id\":\"https:\/\/cartacalmachicha.com\/#organization\"},\"potentialAction\":[{\"@type\":\"SearchAction\",\"target\":{\"@type\":\"EntryPoint\",\"urlTemplate\":\"https:\/\/cartacalmachicha.com\/?s={search_term_string}\"},\"query-input\":{\"@type\":\"PropertyValueSpecification\",\"valueRequired\":true,\"valueName\":\"search_term_string\"}}],\"inLanguage\":\"de\"},{\"@type\":\"Organization\",\"@id\":\"https:\/\/cartacalmachicha.com\/#organization\",\"name\":\"Calma Chicha\",\"url\":\"https:\/\/cartacalmachicha.com\/\",\"logo\":{\"@type\":\"ImageObject\",\"inLanguage\":\"de\",\"@id\":\"https:\/\/cartacalmachicha.com\/#\/schema\/logo\/image\/\",\"url\":\"https:\/\/cartacalmachicha.com\/wp-content\/uploads\/2022\/08\/Logo-Calma-Chicha-BLANCO.png\",\"contentUrl\":\"https:\/\/cartacalmachicha.com\/wp-content\/uploads\/2022\/08\/Logo-Calma-Chicha-BLANCO.png\",\"width\":210,\"height\":220,\"caption\":\"Calma Chicha\"},\"image\":{\"@id\":\"https:\/\/cartacalmachicha.com\/#\/schema\/logo\/image\/\"}}]}<\/script>\n<!-- \/ Yoast SEO plugin. -->","yoast_head_json":{"title":"Vorspeisen - Calma Chicha","robots":{"index":"index","follow":"follow","max-snippet":"max-snippet:-1","max-image-preview":"max-image-preview:large","max-video-preview":"max-video-preview:-1"},"canonical":"https:\/\/cartacalmachicha.com\/entrantes-restaurante-mas-palomas\/","og_locale":"de_DE","og_type":"article","og_title":"Vorspeisen - Calma Chicha","og_description":"Unsere Suppe oder Creme der Woche, jede Woche eine neue Suppe, (fragen Sie den Kellner) 11\u20ac Jakobsmuschel, mariniert mit Mirin, Kaffernlimette und Passionsfrucht, dazu ein Salat aus Meerfenchel, Apfel und Gurke 20\u20ac Gebratene Muscheln auf roter Jaipur-Currycreme 16\u20ac Iberische Schweineschulter mariniert in aromatischen Kr\u00e4utern, Tr\u00fcffelschaum, Feigen, Manchego-K\u00e4se und Pinienkernen 13\u20ac Krabbenb\u00e4llchen mit tropischer Ananas und [&hellip;]","og_url":"https:\/\/cartacalmachicha.com\/entrantes-restaurante-mas-palomas\/","og_site_name":"Calma Chicha","article_modified_time":"2026-01-27T18:14:29+00:00","twitter_card":"summary_large_image","twitter_misc":{"Gesch\u00e4tzte Lesezeit":"1\u00a0Minute"},"schema":{"@context":"https:\/\/schema.org","@graph":[{"@type":"WebPage","@id":"https:\/\/cartacalmachicha.com\/entrantes-restaurante-mas-palomas\/","url":"https:\/\/cartacalmachicha.com\/entrantes-restaurante-mas-palomas\/","name":"Vorspeisen - Calma Chicha","isPartOf":{"@id":"https:\/\/cartacalmachicha.com\/#website"},"datePublished":"2023-05-12T07:19:57+00:00","dateModified":"2026-01-27T18:14:29+00:00","breadcrumb":{"@id":"https:\/\/cartacalmachicha.com\/entrantes-restaurante-mas-palomas\/#breadcrumb"},"inLanguage":"de","potentialAction":[{"@type":"ReadAction","target":["https:\/\/cartacalmachicha.com\/entrantes-restaurante-mas-palomas\/"]}]},{"@type":"BreadcrumbList","@id":"https:\/\/cartacalmachicha.com\/entrantes-restaurante-mas-palomas\/#breadcrumb","itemListElement":[{"@type":"ListItem","position":1,"name":"Home","item":"https:\/\/cartacalmachicha.com\/"},{"@type":"ListItem","position":2,"name":"Vorspeisen"}]},{"@type":"WebSite","@id":"https:\/\/cartacalmachicha.com\/#website","url":"https:\/\/cartacalmachicha.com\/","name":"Calma Chicha","description":"","publisher":{"@id":"https:\/\/cartacalmachicha.com\/#organization"},"potentialAction":[{"@type":"SearchAction","target":{"@type":"EntryPoint","urlTemplate":"https:\/\/cartacalmachicha.com\/?s={search_term_string}"},"query-input":{"@type":"PropertyValueSpecification","valueRequired":true,"valueName":"search_term_string"}}],"inLanguage":"de"},{"@type":"Organization","@id":"https:\/\/cartacalmachicha.com\/#organization","name":"Calma Chicha","url":"https:\/\/cartacalmachicha.com\/","logo":{"@type":"ImageObject","inLanguage":"de","@id":"https:\/\/cartacalmachicha.com\/#\/schema\/logo\/image\/","url":"https:\/\/cartacalmachicha.com\/wp-content\/uploads\/2022\/08\/Logo-Calma-Chicha-BLANCO.png","contentUrl":"https:\/\/cartacalmachicha.com\/wp-content\/uploads\/2022\/08\/Logo-Calma-Chicha-BLANCO.png","width":210,"height":220,"caption":"Calma Chicha"},"image":{"@id":"https:\/\/cartacalmachicha.com\/#\/schema\/logo\/image\/"}}]}},"_links":{"self":[{"href":"https:\/\/cartacalmachicha.com\/de\/wp-json\/wp\/v2\/pages\/276","targetHints":{"allow":["GET"]}}],"collection":[{"href":"https:\/\/cartacalmachicha.com\/de\/wp-json\/wp\/v2\/pages"}],"about":[{"href":"https:\/\/cartacalmachicha.com\/de\/wp-json\/wp\/v2\/types\/page"}],"author":[{"embeddable":true,"href":"https:\/\/cartacalmachicha.com\/de\/wp-json\/wp\/v2\/users\/2"}],"replies":[{"embeddable":true,"href":"https:\/\/cartacalmachicha.com\/de\/wp-json\/wp\/v2\/comments?post=276"}],"version-history":[{"count":85,"href":"https:\/\/cartacalmachicha.com\/de\/wp-json\/wp\/v2\/pages\/276\/revisions"}],"predecessor-version":[{"id":3630,"href":"https:\/\/cartacalmachicha.com\/de\/wp-json\/wp\/v2\/pages\/276\/revisions\/3630"}],"wp:attachment":[{"href":"https:\/\/cartacalmachicha.com\/de\/wp-json\/wp\/v2\/media?parent=276"}],"curies":[{"name":"wp","href":"https:\/\/api.w.org\/{rel}","templated":true}]}}