{"id":367,"date":"2023-05-12T10:03:20","date_gmt":"2023-05-12T08:03:20","guid":{"rendered":"https:\/\/cartacalmachicha.com\/?page_id=367"},"modified":"2026-03-04T17:53:31","modified_gmt":"2026-03-04T16:53:31","slug":"nachspeisen","status":"publish","type":"page","link":"https:\/\/cartacalmachicha.com\/de\/nachspeisen\/","title":{"rendered":"Nachspeisen"},"content":{"rendered":"\t\t<div data-elementor-type=\"wp-page\" data-elementor-id=\"367\" class=\"elementor elementor-367 elementor-366\" data-elementor-post-type=\"page\">\n\t\t\t\t\t\t<section class=\"elementor-section elementor-top-section elementor-element elementor-element-79aa7b8 elementor-section-height-min-height elementor-section-boxed elementor-section-height-default elementor-section-items-middle\" data-id=\"79aa7b8\" data-element_type=\"section\" data-settings=\"{&quot;background_background&quot;:&quot;classic&quot;}\">\n\t\t\t\t\t\t<div class=\"elementor-container elementor-column-gap-default\">\n\t\t\t\t\t<div class=\"elementor-column elementor-col-100 elementor-top-column elementor-element elementor-element-dd953dc\" data-id=\"dd953dc\" data-element_type=\"column\">\n\t\t\t<div class=\"elementor-widget-wrap\">\n\t\t\t\t\t\t\t<\/div>\n\t\t<\/div>\n\t\t\t\t\t<\/div>\n\t\t<\/section>\n\t\t\t\t<section class=\"elementor-section elementor-top-section elementor-element elementor-element-24e5d13 elementor-section-boxed elementor-section-height-default elementor-section-height-default\" data-id=\"24e5d13\" data-element_type=\"section\" data-settings=\"{&quot;background_background&quot;:&quot;classic&quot;}\">\n\t\t\t\t\t\t<div class=\"elementor-container elementor-column-gap-default\">\n\t\t\t\t\t<div class=\"elementor-column elementor-col-100 elementor-top-column elementor-element elementor-element-13ad18a\" data-id=\"13ad18a\" data-element_type=\"column\">\n\t\t\t<div class=\"elementor-widget-wrap elementor-element-populated\">\n\t\t\t\t\t\t<div class=\"elementor-element elementor-element-d837e7d elementor-widget elementor-widget-price-list\" data-id=\"d837e7d\" data-element_type=\"widget\" data-widget_type=\"price-list.default\">\n\t\t\t\t<div class=\"elementor-widget-container\">\n\t\t\t\t\t\n\t\t<ul class=\"elementor-price-list\">\n\n\t\t\t\t\t\t\t\t\t<li class=\"elementor-price-list-item\">\t\t\t\t\n\t\t\t\t<div class=\"elementor-price-list-text\">\n\t\t\t\t\t\t\t\t\t<div class=\"elementor-price-list-header\">\n\t\t\t\t\t\t\t\t\t\t\t<span class=\"elementor-price-list-title\">\n\t\t\t\t\t\t\t\u201eBack to Black\u201c: Dunkle Schokoladenmousse mit Kardamom und Chili, Himbeercreme, Weinreduktion, dunkles Schokoladeneis und Wodka\t\t\t\t\t\t<\/span>\n\t\t\t\t\t\t\t\t\t\t\t\t\t\t\t\t\t\t\t\t\t\t\t\t<span class=\"elementor-price-list-price\">10\u20ac<\/span>\n\t\t\t\t\t\t\t\t\t\t<\/div>\n\t\t\t\t\t\t\t\t\t\t\t\t\t\t\t<p class=\"elementor-price-list-description\">\n\t\t\t\t\t\t\tVino recomendado:Don PX ( pedro xim\u00e9nez)  copa 75ml ..... 9\u20ac\t\t\t\t\t\t<\/p>\n\t\t\t\t\t\t\t\t<\/div>\n\t\t\t\t<\/li>\t\t\t\t\t\t\t\t\t\t\t\t<li class=\"elementor-price-list-item\">\t\t\t\t\n\t\t\t\t<div class=\"elementor-price-list-text\">\n\t\t\t\t\t\t\t\t\t<div class=\"elementor-price-list-header\">\n\t\t\t\t\t\t\t\t\t\t\t<span class=\"elementor-price-list-title\">\n\t\t\t\t\t\t\t\u201c Nuts, Nuts, Notting on Heaven doors\u201d: Walnuss-Semifreddo, Haselnuss-Praline, Mandelcreme, Pistazien-Erde und Muskatnuss-Eiscreme\t\t\t\t\t\t<\/span>\n\t\t\t\t\t\t\t\t\t\t\t\t\t\t\t\t\t\t\t\t\t\t\t\t<span class=\"elementor-price-list-price\">10,50\u20ac<\/span>\n\t\t\t\t\t\t\t\t\t\t<\/div>\n\t\t\t\t\t\t\t\t\t\t\t\t\t\t\t<p class=\"elementor-price-list-description\">\n\t\t\t\t\t\t\tVino recomendado: Pajarete dulce, D.O. M\u00e1laga (Palomino y pedro xim\u00e9nez) copa 75ml ..... 9\u20ac\t\t\t\t\t\t<\/p>\n\t\t\t\t\t\t\t\t<\/div>\n\t\t\t\t<\/li>\t\t\t\t\t\t\t\t\t\t\t\t<li class=\"elementor-price-list-item\">\t\t\t\t\n\t\t\t\t<div class=\"elementor-price-list-text\">\n\t\t\t\t\t\t\t\t\t<div class=\"elementor-price-list-header\">\n\t\t\t\t\t\t\t\t\t\t\t<span class=\"elementor-price-list-title\">\n\t\t\t\t\t\t\tTiramisu Calma Chicha 2.5\t\t\t\t\t\t<\/span>\n\t\t\t\t\t\t\t\t\t\t\t\t\t\t\t\t\t\t\t\t\t\t\t\t<span class=\"elementor-price-list-price\">10\u20ac<\/span>\n\t\t\t\t\t\t\t\t\t\t<\/div>\n\t\t\t\t\t\t\t\t\t\t\t\t\t\t\t<p class=\"elementor-price-list-description\">\n\t\t\t\t\t\t\tVino recomendado:Royal Cream, Jerez, copa 75ml ..... 7\u20ac\n\t\t\t\t\t\t<\/p>\n\t\t\t\t\t\t\t\t<\/div>\n\t\t\t\t<\/li>\t\t\t\t\t\t\t\t\t\t\t\t<li class=\"elementor-price-list-item\">\t\t\t\t\n\t\t\t\t<div class=\"elementor-price-list-text\">\n\t\t\t\t\t\t\t\t\t<div class=\"elementor-price-list-header\">\n\t\t\t\t\t\t\t\t\t\t\t<span class=\"elementor-price-list-title\">\n\t\t\t\t\t\t\tDie Version der Zitronentarte unserer Konditorin Patricia mit asiatischen Aromen und Geschmacksrichtungen \u2026 ganz und gar nicht traditionell!\t\t\t\t\t\t<\/span>\n\t\t\t\t\t\t\t\t\t\t\t\t\t\t\t\t\t\t\t\t\t\t\t\t<span class=\"elementor-price-list-price\">10\u20ac<\/span>\n\t\t\t\t\t\t\t\t\t\t<\/div>\n\t\t\t\t\t\t\t\t\t\t\t\t\t\t\t<p class=\"elementor-price-list-description\">\n\t\t\t\t\t\t\tVino recomendado:Moscatel mistela Rafael Ca\u00f1izares. D.O. Alicante. (100% Moscatel) , copa 75ml ..... 7\u20ac\t\t\t\t\t\t<\/p>\n\t\t\t\t\t\t\t\t<\/div>\n\t\t\t\t<\/li>\t\t\t\t\t\t\t\t\t\t\t\t<li class=\"elementor-price-list-item\">\t\t\t\t\n\t\t\t\t<div class=\"elementor-price-list-text\">\n\t\t\t\t\t\t\t\t\t<div class=\"elementor-price-list-header\">\n\t\t\t\t\t\t\t\t\t\t\t<span class=\"elementor-price-list-title\">\n\t\t\t\t\t\t\t\"Summertime\" Mousse de Mascarpone fourr\u00e9e \u00e0 la mangue, cr\u00e8me de chocolat blanc au fruit de la passion et meringue s\u00e8che au yuzu\t\t\t\t\t\t<\/span>\n\t\t\t\t\t\t\t\t\t\t\t\t\t\t\t\t\t\t\t\t\t\t\t\t<span class=\"elementor-price-list-price\">10\u20ac<\/span>\n\t\t\t\t\t\t\t\t\t\t<\/div>\n\t\t\t\t\t\t\t\t\t\t\t\t\t\t\t<p class=\"elementor-price-list-description\">\n\t\t\t\t\t\t\tVino recomendado:Moscatel mistela Rafael Ca\u00f1izares. D.O. Alicante. (100% Moscatel) , copa 75ml ..... 7\u20ac\n\t\t\t\t\t\t<\/p>\n\t\t\t\t\t\t\t\t<\/div>\n\t\t\t\t<\/li>\t\t\t\t\t\t\t\t\t\t\t\t<li class=\"elementor-price-list-item\">\t\t\t\t\n\t\t\t\t<div class=\"elementor-price-list-text\">\n\t\t\t\t\t\t\t\t\t<div class=\"elementor-price-list-header\">\n\t\t\t\t\t\t\t\t\t\t\t<span class=\"elementor-price-list-title\">\n\t\t\t\t\t\t\t Eis (Preis pro Kugel Eis)\t\t\t\t\t\t<\/span>\n\t\t\t\t\t\t\t\t\t\t\t\t\t\t\t\t\t\t\t\t\t\t\t\t<span class=\"elementor-price-list-price\">3\u20ac<\/span>\n\t\t\t\t\t\t\t\t\t\t<\/div>\n\t\t\t\t\t\t\t\t\t\t\t\t\t\t\t<p class=\"elementor-price-list-description\">\n\t\t\t\t\t\t\t Dunkle Schokolade, Meersalz-Karamell, Kaffee, Ingwer,  Muskatnuss, Avocado\t\t\t\t\t\t<\/p>\n\t\t\t\t\t\t\t\t<\/div>\n\t\t\t\t<\/li>\t\t\t\t\t\t\t\t\t\t\t\t<li class=\"elementor-price-list-item\">\t\t\t\t\n\t\t\t\t<div class=\"elementor-price-list-text\">\n\t\t\t\t\t\t\t\t\t<div class=\"elementor-price-list-header\">\n\t\t\t\t\t\t\t\t\t\t\t<span class=\"elementor-price-list-title\">\n\t\t\t\t\t\t\tSorbets\t\t\t\t\t\t<\/span>\n\t\t\t\t\t\t\t\t\t\t\t\t\t\t\t\t\t\t\t\t\t\t\t\t<span class=\"elementor-price-list-price\">8\u20ac<\/span>\n\t\t\t\t\t\t\t\t\t\t<\/div>\n\t\t\t\t\t\t\t\t\t\t\t\t\t\t\t<p class=\"elementor-price-list-description\">\n\t\t\t\t\t\t\tErdbeere mit Basilikum, Mojito, Gurke, Limette und Minze, Passionsfrucht und Orangenbl\u00fcte, passionsfrukt och apelsinblomma\t\t\t\t\t\t<\/p>\n\t\t\t\t\t\t\t\t<\/div>\n\t\t\t\t<\/li>\t\t\t\t\t\n\t\t<\/ul>\n\n\t\t\t\t\t\t<\/div>\n\t\t\t\t<\/div>\n\t\t\t\t<div class=\"elementor-element elementor-element-50e3053 elementor-widget-divider--view-line elementor-widget elementor-widget-divider\" data-id=\"50e3053\" data-element_type=\"widget\" data-widget_type=\"divider.default\">\n\t\t\t\t<div class=\"elementor-widget-container\">\n\t\t\t\t\t\t\t<div class=\"elementor-divider\">\n\t\t\t<span class=\"elementor-divider-separator\">\n\t\t\t\t\t\t<\/span>\n\t\t<\/div>\n\t\t\t\t\t\t<\/div>\n\t\t\t\t<\/div>\n\t\t\t\t<div class=\"elementor-element elementor-element-7779c9f elementor-widget elementor-widget-heading\" data-id=\"7779c9f\" data-element_type=\"widget\" data-widget_type=\"heading.default\">\n\t\t\t\t<div class=\"elementor-widget-container\">\n\t\t\t\t\t<span class=\"elementor-heading-title elementor-size-default\">S\u00fc\u00dfe Dessertweine, im Glas 75 ml<\/span>\t\t\t\t<\/div>\n\t\t\t\t<\/div>\n\t\t\t\t<div class=\"elementor-element elementor-element-795210b elementor-widget elementor-widget-price-list\" data-id=\"795210b\" data-element_type=\"widget\" data-widget_type=\"price-list.default\">\n\t\t\t\t<div class=\"elementor-widget-container\">\n\t\t\t\t\t\n\t\t<ul class=\"elementor-price-list\">\n\n\t\t\t\t\t\t\t\t\t<li class=\"elementor-price-list-item\">\t\t\t\t\n\t\t\t\t<div class=\"elementor-price-list-text\">\n\t\t\t\t\t\t\t\t\t<div class=\"elementor-price-list-header\">\n\t\t\t\t\t\t\t\t\t\t\t<span class=\"elementor-price-list-title\">\n\t\t\t\t\t\t\tPajarete dulce, D.O. M\u00e1laga (Palomino y pedro xim\u00e9nez)\t\t\t\t\t\t<\/span>\n\t\t\t\t\t\t\t\t\t\t\t\t\t\t\t\t\t\t\t\t\t\t\t\t<span class=\"elementor-price-list-price\">9\u20ac<\/span>\n\t\t\t\t\t\t\t\t\t\t<\/div>\n\t\t\t\t\t\t\t\t\t\t\t\t<\/div>\n\t\t\t\t<\/li>\t\t\t\t\t\t\t\t\t\t\t\t<li class=\"elementor-price-list-item\">\t\t\t\t\n\t\t\t\t<div class=\"elementor-price-list-text\">\n\t\t\t\t\t\t\t\t\t<div class=\"elementor-price-list-header\">\n\t\t\t\t\t\t\t\t\t\t\t<span class=\"elementor-price-list-title\">\n\t\t\t\t\t\t\tRoyal cream , Jerez ( 50% palomino 50%P.X. )\t\t\t\t\t\t<\/span>\n\t\t\t\t\t\t\t\t\t\t\t\t\t\t\t\t\t\t\t\t\t\t\t\t<span class=\"elementor-price-list-price\">7\u20ac<\/span>\n\t\t\t\t\t\t\t\t\t\t<\/div>\n\t\t\t\t\t\t\t\t\t\t\t\t<\/div>\n\t\t\t\t<\/li>\t\t\t\t\t\t\t\t\t\t\t\t<li class=\"elementor-price-list-item\">\t\t\t\t\n\t\t\t\t<div class=\"elementor-price-list-text\">\n\t\t\t\t\t\t\t\t\t<div class=\"elementor-price-list-header\">\n\t\t\t\t\t\t\t\t\t\t\t<span class=\"elementor-price-list-title\">\n\t\t\t\t\t\t\tMoscatel mistela Rafael Ca\u00f1izares. D.O. Alicante. (100% Moscatel)\t\t\t\t\t\t<\/span>\n\t\t\t\t\t\t\t\t\t\t\t\t\t\t\t\t\t\t\t\t\t\t\t\t<span class=\"elementor-price-list-price\">8\u20ac<\/span>\n\t\t\t\t\t\t\t\t\t\t<\/div>\n\t\t\t\t\t\t\t\t\t\t\t\t<\/div>\n\t\t\t\t<\/li>\t\t\t\t\t\t\t\t\t\t\t\t<li class=\"elementor-price-list-item\">\t\t\t\t\n\t\t\t\t<div class=\"elementor-price-list-text\">\n\t\t\t\t\t\t\t\t\t<div class=\"elementor-price-list-header\">\n\t\t\t\t\t\t\t\t\t\t\t<span class=\"elementor-price-list-title\">\n\t\t\t\t\t\t\tDon PX (Pedro Ximenez pasificada) D.O. Montilla Moriles.\t\t\t\t\t\t<\/span>\n\t\t\t\t\t\t\t\t\t\t\t\t\t\t\t\t\t\t\t\t\t\t\t\t<span class=\"elementor-price-list-price\">9\u20ac<\/span>\n\t\t\t\t\t\t\t\t\t\t<\/div>\n\t\t\t\t\t\t\t\t\t\t\t\t<\/div>\n\t\t\t\t<\/li>\t\t\t\t\t\n\t\t<\/ul>\n\n\t\t\t\t\t\t<\/div>\n\t\t\t\t<\/div>\n\t\t\t\t<div class=\"elementor-element elementor-element-698c6ec elementor-widget elementor-widget-spacer\" data-id=\"698c6ec\" data-element_type=\"widget\" data-widget_type=\"spacer.default\">\n\t\t\t\t<div class=\"elementor-widget-container\">\n\t\t\t\t\t\t\t<div class=\"elementor-spacer\">\n\t\t\t<div class=\"elementor-spacer-inner\"><\/div>\n\t\t<\/div>\n\t\t\t\t\t\t<\/div>\n\t\t\t\t<\/div>\n\t\t\t\t<div class=\"elementor-element elementor-element-9e6e051 elementor-widget elementor-widget-heading\" data-id=\"9e6e051\" data-element_type=\"widget\" data-widget_type=\"heading.default\">\n\t\t\t\t<div class=\"elementor-widget-container\">\n\t\t\t\t\t<span class=\"elementor-heading-title elementor-size-default\">Wenn Sie an einer Nahrungsmittelallergie leiden, benachrichtigen Sie bitte den Kellner. Danke<\/span>\t\t\t\t<\/div>\n\t\t\t\t<\/div>\n\t\t\t\t\t<\/div>\n\t\t<\/div>\n\t\t\t\t\t<\/div>\n\t\t<\/section>\n\t\t\t\t<section class=\"elementor-section elementor-top-section elementor-element elementor-element-f9c22d3 elementor-section-height-min-height elementor-section-boxed elementor-section-height-default elementor-section-items-middle\" data-id=\"f9c22d3\" data-element_type=\"section\" data-settings=\"{&quot;background_background&quot;:&quot;classic&quot;}\">\n\t\t\t\t\t\t<div class=\"elementor-container elementor-column-gap-default\">\n\t\t\t\t\t<div class=\"elementor-column elementor-col-100 elementor-top-column elementor-element elementor-element-2045be4\" data-id=\"2045be4\" data-element_type=\"column\">\n\t\t\t<div class=\"elementor-widget-wrap\">\n\t\t\t\t\t\t\t<\/div>\n\t\t<\/div>\n\t\t\t\t\t<\/div>\n\t\t<\/section>\n\t\t\t\t<\/div>\n\t\t","protected":false},"excerpt":{"rendered":"<p>\u201eBack to Black\u201c: Dunkle Schokoladenmousse mit Kardamom und Chili, Himbeercreme, Weinreduktion, dunkles Schokoladeneis und Wodka 10\u20ac Vino recomendado:Don PX ( pedro xim\u00e9nez) copa 75ml &#8230;.. 9\u20ac \u201c Nuts, Nuts, Notting on Heaven doors\u201d: Walnuss-Semifreddo, Haselnuss-Praline, Mandelcreme, Pistazien-Erde und Muskatnuss-Eiscreme 10,50\u20ac Vino recomendado: Pajarete dulce, D.O. M\u00e1laga (Palomino y pedro xim\u00e9nez) copa 75ml &#8230;.. 9\u20ac Tiramisu [&hellip;]<\/p>\n","protected":false},"author":2,"featured_media":0,"parent":0,"menu_order":0,"comment_status":"closed","ping_status":"closed","template":"elementor_header_footer","meta":{"footnotes":""},"class_list":["post-367","page","type-page","status-publish","hentry"],"yoast_head":"<!-- This site is optimized with the Yoast SEO plugin v26.0 - https:\/\/yoast.com\/wordpress\/plugins\/seo\/ -->\n<title>Nachspeisen - Calma Chicha<\/title>\n<meta name=\"robots\" content=\"index, follow, max-snippet:-1, max-image-preview:large, max-video-preview:-1\" \/>\n<link rel=\"canonical\" href=\"https:\/\/cartacalmachicha.com\/postres\/\" \/>\n<meta property=\"og:locale\" content=\"de_DE\" \/>\n<meta property=\"og:type\" content=\"article\" \/>\n<meta property=\"og:title\" content=\"Nachspeisen - Calma Chicha\" \/>\n<meta property=\"og:description\" content=\"\u201eBack to Black\u201c: Dunkle Schokoladenmousse mit Kardamom und Chili, Himbeercreme, Weinreduktion, dunkles Schokoladeneis und Wodka 10\u20ac Vino recomendado:Don PX ( pedro xim\u00e9nez) copa 75ml &#8230;.. 9\u20ac \u201c Nuts, Nuts, Notting on Heaven doors\u201d: Walnuss-Semifreddo, Haselnuss-Praline, Mandelcreme, Pistazien-Erde und Muskatnuss-Eiscreme 10,50\u20ac Vino recomendado: Pajarete dulce, D.O. M\u00e1laga (Palomino y pedro xim\u00e9nez) copa 75ml &#8230;.. 9\u20ac Tiramisu [&hellip;]\" \/>\n<meta property=\"og:url\" content=\"https:\/\/cartacalmachicha.com\/postres\/\" \/>\n<meta property=\"og:site_name\" content=\"Calma Chicha\" \/>\n<meta property=\"article:modified_time\" content=\"2026-03-04T16:53:31+00:00\" \/>\n<meta name=\"twitter:card\" content=\"summary_large_image\" \/>\n<meta name=\"twitter:label1\" content=\"Gesch\u00e4tzte Lesezeit\" \/>\n\t<meta name=\"twitter:data1\" content=\"2\u00a0Minuten\" \/>\n<script type=\"application\/ld+json\" class=\"yoast-schema-graph\">{\"@context\":\"https:\/\/schema.org\",\"@graph\":[{\"@type\":\"WebPage\",\"@id\":\"https:\/\/cartacalmachicha.com\/postres\/\",\"url\":\"https:\/\/cartacalmachicha.com\/postres\/\",\"name\":\"Nachspeisen - Calma Chicha\",\"isPartOf\":{\"@id\":\"https:\/\/cartacalmachicha.com\/#website\"},\"datePublished\":\"2023-05-12T08:03:20+00:00\",\"dateModified\":\"2026-03-04T16:53:31+00:00\",\"breadcrumb\":{\"@id\":\"https:\/\/cartacalmachicha.com\/postres\/#breadcrumb\"},\"inLanguage\":\"de\",\"potentialAction\":[{\"@type\":\"ReadAction\",\"target\":[\"https:\/\/cartacalmachicha.com\/postres\/\"]}]},{\"@type\":\"BreadcrumbList\",\"@id\":\"https:\/\/cartacalmachicha.com\/postres\/#breadcrumb\",\"itemListElement\":[{\"@type\":\"ListItem\",\"position\":1,\"name\":\"Home\",\"item\":\"https:\/\/cartacalmachicha.com\/\"},{\"@type\":\"ListItem\",\"position\":2,\"name\":\"Nachspeisen\"}]},{\"@type\":\"WebSite\",\"@id\":\"https:\/\/cartacalmachicha.com\/#website\",\"url\":\"https:\/\/cartacalmachicha.com\/\",\"name\":\"Calma Chicha\",\"description\":\"\",\"publisher\":{\"@id\":\"https:\/\/cartacalmachicha.com\/#organization\"},\"potentialAction\":[{\"@type\":\"SearchAction\",\"target\":{\"@type\":\"EntryPoint\",\"urlTemplate\":\"https:\/\/cartacalmachicha.com\/?s={search_term_string}\"},\"query-input\":{\"@type\":\"PropertyValueSpecification\",\"valueRequired\":true,\"valueName\":\"search_term_string\"}}],\"inLanguage\":\"de\"},{\"@type\":\"Organization\",\"@id\":\"https:\/\/cartacalmachicha.com\/#organization\",\"name\":\"Calma Chicha\",\"url\":\"https:\/\/cartacalmachicha.com\/\",\"logo\":{\"@type\":\"ImageObject\",\"inLanguage\":\"de\",\"@id\":\"https:\/\/cartacalmachicha.com\/#\/schema\/logo\/image\/\",\"url\":\"https:\/\/cartacalmachicha.com\/wp-content\/uploads\/2022\/08\/Logo-Calma-Chicha-BLANCO.png\",\"contentUrl\":\"https:\/\/cartacalmachicha.com\/wp-content\/uploads\/2022\/08\/Logo-Calma-Chicha-BLANCO.png\",\"width\":210,\"height\":220,\"caption\":\"Calma Chicha\"},\"image\":{\"@id\":\"https:\/\/cartacalmachicha.com\/#\/schema\/logo\/image\/\"}}]}<\/script>\n<!-- \/ Yoast SEO plugin. -->","yoast_head_json":{"title":"Nachspeisen - Calma Chicha","robots":{"index":"index","follow":"follow","max-snippet":"max-snippet:-1","max-image-preview":"max-image-preview:large","max-video-preview":"max-video-preview:-1"},"canonical":"https:\/\/cartacalmachicha.com\/postres\/","og_locale":"de_DE","og_type":"article","og_title":"Nachspeisen - Calma Chicha","og_description":"\u201eBack to Black\u201c: Dunkle Schokoladenmousse mit Kardamom und Chili, Himbeercreme, Weinreduktion, dunkles Schokoladeneis und Wodka 10\u20ac Vino recomendado:Don PX ( pedro xim\u00e9nez) copa 75ml &#8230;.. 9\u20ac \u201c Nuts, Nuts, Notting on Heaven doors\u201d: Walnuss-Semifreddo, Haselnuss-Praline, Mandelcreme, Pistazien-Erde und Muskatnuss-Eiscreme 10,50\u20ac Vino recomendado: Pajarete dulce, D.O. M\u00e1laga (Palomino y pedro xim\u00e9nez) copa 75ml &#8230;.. 9\u20ac Tiramisu [&hellip;]","og_url":"https:\/\/cartacalmachicha.com\/postres\/","og_site_name":"Calma Chicha","article_modified_time":"2026-03-04T16:53:31+00:00","twitter_card":"summary_large_image","twitter_misc":{"Gesch\u00e4tzte Lesezeit":"2\u00a0Minuten"},"schema":{"@context":"https:\/\/schema.org","@graph":[{"@type":"WebPage","@id":"https:\/\/cartacalmachicha.com\/postres\/","url":"https:\/\/cartacalmachicha.com\/postres\/","name":"Nachspeisen - Calma Chicha","isPartOf":{"@id":"https:\/\/cartacalmachicha.com\/#website"},"datePublished":"2023-05-12T08:03:20+00:00","dateModified":"2026-03-04T16:53:31+00:00","breadcrumb":{"@id":"https:\/\/cartacalmachicha.com\/postres\/#breadcrumb"},"inLanguage":"de","potentialAction":[{"@type":"ReadAction","target":["https:\/\/cartacalmachicha.com\/postres\/"]}]},{"@type":"BreadcrumbList","@id":"https:\/\/cartacalmachicha.com\/postres\/#breadcrumb","itemListElement":[{"@type":"ListItem","position":1,"name":"Home","item":"https:\/\/cartacalmachicha.com\/"},{"@type":"ListItem","position":2,"name":"Nachspeisen"}]},{"@type":"WebSite","@id":"https:\/\/cartacalmachicha.com\/#website","url":"https:\/\/cartacalmachicha.com\/","name":"Calma Chicha","description":"","publisher":{"@id":"https:\/\/cartacalmachicha.com\/#organization"},"potentialAction":[{"@type":"SearchAction","target":{"@type":"EntryPoint","urlTemplate":"https:\/\/cartacalmachicha.com\/?s={search_term_string}"},"query-input":{"@type":"PropertyValueSpecification","valueRequired":true,"valueName":"search_term_string"}}],"inLanguage":"de"},{"@type":"Organization","@id":"https:\/\/cartacalmachicha.com\/#organization","name":"Calma Chicha","url":"https:\/\/cartacalmachicha.com\/","logo":{"@type":"ImageObject","inLanguage":"de","@id":"https:\/\/cartacalmachicha.com\/#\/schema\/logo\/image\/","url":"https:\/\/cartacalmachicha.com\/wp-content\/uploads\/2022\/08\/Logo-Calma-Chicha-BLANCO.png","contentUrl":"https:\/\/cartacalmachicha.com\/wp-content\/uploads\/2022\/08\/Logo-Calma-Chicha-BLANCO.png","width":210,"height":220,"caption":"Calma Chicha"},"image":{"@id":"https:\/\/cartacalmachicha.com\/#\/schema\/logo\/image\/"}}]}},"_links":{"self":[{"href":"https:\/\/cartacalmachicha.com\/de\/wp-json\/wp\/v2\/pages\/367","targetHints":{"allow":["GET"]}}],"collection":[{"href":"https:\/\/cartacalmachicha.com\/de\/wp-json\/wp\/v2\/pages"}],"about":[{"href":"https:\/\/cartacalmachicha.com\/de\/wp-json\/wp\/v2\/types\/page"}],"author":[{"embeddable":true,"href":"https:\/\/cartacalmachicha.com\/de\/wp-json\/wp\/v2\/users\/2"}],"replies":[{"embeddable":true,"href":"https:\/\/cartacalmachicha.com\/de\/wp-json\/wp\/v2\/comments?post=367"}],"version-history":[{"count":118,"href":"https:\/\/cartacalmachicha.com\/de\/wp-json\/wp\/v2\/pages\/367\/revisions"}],"predecessor-version":[{"id":3772,"href":"https:\/\/cartacalmachicha.com\/de\/wp-json\/wp\/v2\/pages\/367\/revisions\/3772"}],"wp:attachment":[{"href":"https:\/\/cartacalmachicha.com\/de\/wp-json\/wp\/v2\/media?parent=367"}],"curies":[{"name":"wp","href":"https:\/\/api.w.org\/{rel}","templated":true}]}}