{"id":2327,"date":"2023-04-28T07:46:05","date_gmt":"2023-04-28T05:46:05","guid":{"rendered":"https:\/\/cartacalmachicha.com\/platos-principales-gourmet\/"},"modified":"2026-03-04T17:59:29","modified_gmt":"2026-03-04T16:59:29","slug":"huvudratter","status":"publish","type":"page","link":"https:\/\/cartacalmachicha.com\/sv\/huvudratter\/","title":{"rendered":"Huvudr\u00e4tter"},"content":{"rendered":"\t\t<div data-elementor-type=\"wp-page\" data-elementor-id=\"2327\" class=\"elementor elementor-2327 elementor-308\" data-elementor-post-type=\"page\">\n\t\t\t\t\t\t<section class=\"elementor-section elementor-top-section elementor-element elementor-element-abe3411 elementor-section-height-min-height elementor-section-boxed elementor-section-height-default elementor-section-items-middle\" data-id=\"abe3411\" data-element_type=\"section\" data-settings=\"{&quot;background_background&quot;:&quot;classic&quot;}\">\n\t\t\t\t\t\t<div class=\"elementor-container elementor-column-gap-default\">\n\t\t\t\t\t<div class=\"elementor-column elementor-col-100 elementor-top-column elementor-element elementor-element-16a6781\" data-id=\"16a6781\" data-element_type=\"column\">\n\t\t\t<div class=\"elementor-widget-wrap\">\n\t\t\t\t\t\t\t<\/div>\n\t\t<\/div>\n\t\t\t\t\t<\/div>\n\t\t<\/section>\n\t\t\t\t<section class=\"elementor-section elementor-top-section elementor-element elementor-element-a1cee94 elementor-section-boxed elementor-section-height-default elementor-section-height-default\" data-id=\"a1cee94\" data-element_type=\"section\" data-settings=\"{&quot;background_background&quot;:&quot;classic&quot;}\">\n\t\t\t\t\t\t<div class=\"elementor-container elementor-column-gap-default\">\n\t\t\t\t\t<div class=\"elementor-column elementor-col-100 elementor-top-column elementor-element elementor-element-44da6eb\" data-id=\"44da6eb\" data-element_type=\"column\">\n\t\t\t<div class=\"elementor-widget-wrap elementor-element-populated\">\n\t\t\t\t\t\t<div class=\"elementor-element elementor-element-06b7500 elementor-widget elementor-widget-price-list\" data-id=\"06b7500\" data-element_type=\"widget\" data-widget_type=\"price-list.default\">\n\t\t\t\t<div class=\"elementor-widget-container\">\n\t\t\t\t\t\n\t\t<ul class=\"elementor-price-list\">\n\n\t\t\t\t\t\t\t\t\t<li class=\"elementor-price-list-item\">\t\t\t\t\n\t\t\t\t<div class=\"elementor-price-list-text\">\n\t\t\t\t\t\t\t\t\t<div class=\"elementor-price-list-header\">\n\t\t\t\t\t\t\t\t\t\t\t<span class=\"elementor-price-list-title\">\n\t\t\t\t\t\t\tGrillad bl\u00e4ckfisk med mexikansk achiote, vitl\u00f6k och limes\u00e5s, p\u00e5 avokado sauterad med koriander och minimajskolvar\t\t\t\t\t\t<\/span>\n\t\t\t\t\t\t\t\t\t\t\t\t\t\t\t\t\t\t\t\t\t\t\t\t<span class=\"elementor-price-list-price\">22\u20ac<\/span>\n\t\t\t\t\t\t\t\t\t\t<\/div>\n\t\t\t\t\t\t\t\t\t\t\t\t<\/div>\n\t\t\t\t<\/li>\t\t\t\t\t\t\t\t\t\t\t\t<li class=\"elementor-price-list-item\">\t\t\t\t\n\t\t\t\t<div class=\"elementor-price-list-text\">\n\t\t\t\t\t\t\t\t\t<div class=\"elementor-price-list-header\">\n\t\t\t\t\t\t\t\t\t\t\t<span class=\"elementor-price-list-title\">\n\t\t\t\t\t\t\tTonfiskbitar marinerade i aromatiska \u00f6rter och sauterade med svarta oliver, kapris, k\u00f6rsb\u00e4rstomater och guacamolepur\u00e9\t\t\t\t\t\t<\/span>\n\t\t\t\t\t\t\t\t\t\t\t\t\t\t\t\t\t\t\t\t\t\t\t\t<span class=\"elementor-price-list-price\">23\u20ac<\/span>\n\t\t\t\t\t\t\t\t\t\t<\/div>\n\t\t\t\t\t\t\t\t\t\t\t\t<\/div>\n\t\t\t\t<\/li>\t\t\t\t\t\t\t\t\t\t\t\t<li class=\"elementor-price-list-item\">\t\t\t\t\n\t\t\t\t<div class=\"elementor-price-list-text\">\n\t\t\t\t\t\t\t\t\t<div class=\"elementor-price-list-header\">\n\t\t\t\t\t\t\t\t\t\t\t<span class=\"elementor-price-list-title\">\n\t\t\t\t\t\t\tTorskfil\u00e9 tillagad vid l\u00e5g temperatur p\u00e5 siciliansk aubergine caponata med kr\u00e4mig rostad r\u00f6d paprika och svart olivtapenade\t\t\t\t\t\t<\/span>\n\t\t\t\t\t\t\t\t\t\t\t\t\t\t\t\t\t\t\t\t\t\t\t\t<span class=\"elementor-price-list-price\">23\u20ac<\/span>\n\t\t\t\t\t\t\t\t\t\t<\/div>\n\t\t\t\t\t\t\t\t\t\t\t\t<\/div>\n\t\t\t\t<\/li>\t\t\t\t\t\t\t\t\t\t\t\t<li class=\"elementor-price-list-item\">\t\t\t\t\n\t\t\t\t<div class=\"elementor-price-list-text\">\n\t\t\t\t\t\t\t\t\t<div class=\"elementor-price-list-header\">\n\t\t\t\t\t\t\t\t\t\t\t<span class=\"elementor-price-list-title\">\n\t\t\t\t\t\t\tR\u00f6d snapperfil\u00e9 i ingef\u00e4ra-, citrongr\u00e4s- och Albari\u00f1o-vins\u00e5s, med gult chiliskum och sauterad bok choy\t\t\t\t\t\t<\/span>\n\t\t\t\t\t\t\t\t\t\t\t\t\t\t\t\t\t\t\t\t\t\t\t\t<span class=\"elementor-price-list-price\">24\u20ac<\/span>\n\t\t\t\t\t\t\t\t\t\t<\/div>\n\t\t\t\t\t\t\t\t\t\t\t\t<\/div>\n\t\t\t\t<\/li>\t\t\t\t\t\t\t\t\t\t\t\t<li class=\"elementor-price-list-item\">\t\t\t\t\n\t\t\t\t<div class=\"elementor-price-list-text\">\n\t\t\t\t\t\t\t\t\t<div class=\"elementor-price-list-header\">\n\t\t\t\t\t\t\t\t\t\t\t<span class=\"elementor-price-list-title\">\n\t\t\t\t\t\t\tUgnsbakad bl\u00e4ckfiskris med krabbbisque, br\u00e4serade r\u00e4kor och saffransaioli\t\t\t\t\t\t<\/span>\n\t\t\t\t\t\t\t\t\t\t\t\t\t\t\t\t\t\t\t\t\t\t\t\t<span class=\"elementor-price-list-price\">23\u20ac<\/span>\n\t\t\t\t\t\t\t\t\t\t<\/div>\n\t\t\t\t\t\t\t\t\t\t\t\t<\/div>\n\t\t\t\t<\/li>\t\t\t\t\t\n\t\t<\/ul>\n\n\t\t\t\t\t\t<\/div>\n\t\t\t\t<\/div>\n\t\t\t\t<div class=\"elementor-element elementor-element-102e18e elementor-widget-divider--view-line elementor-widget elementor-widget-divider\" data-id=\"102e18e\" data-element_type=\"widget\" data-widget_type=\"divider.default\">\n\t\t\t\t<div class=\"elementor-widget-container\">\n\t\t\t\t\t\t\t<div class=\"elementor-divider\">\n\t\t\t<span class=\"elementor-divider-separator\">\n\t\t\t\t\t\t<\/span>\n\t\t<\/div>\n\t\t\t\t\t\t<\/div>\n\t\t\t\t<\/div>\n\t\t\t\t<div class=\"elementor-element elementor-element-9513269 elementor-widget elementor-widget-price-list\" data-id=\"9513269\" data-element_type=\"widget\" data-widget_type=\"price-list.default\">\n\t\t\t\t<div class=\"elementor-widget-container\">\n\t\t\t\t\t\n\t\t<ul class=\"elementor-price-list\">\n\n\t\t\t\t\t\t\t\t\t<li class=\"elementor-price-list-item\">\t\t\t\t\n\t\t\t\t<div class=\"elementor-price-list-text\">\n\t\t\t\t\t\t\t\t\t<div class=\"elementor-price-list-header\">\n\t\t\t\t\t\t\t\t\t\t\t<span class=\"elementor-price-list-title\">\n\t\t\t\t\t\t\t\"Galicia\" oxfil\u00e9, rostad och fil\u00e9ad, med tryffelsp\u00e5n och havssaltflingor\t\t\t\t\t\t<\/span>\n\t\t\t\t\t\t\t\t\t\t\t\t\t\t\t\t\t\t\t\t\t\t\t\t<span class=\"elementor-price-list-price\">27\u20ac<\/span>\n\t\t\t\t\t\t\t\t\t\t<\/div>\n\t\t\t\t\t\t\t\t\t\t\t\t<\/div>\n\t\t\t\t<\/li>\t\t\t\t\t\t\t\t\t\t\t\t<li><a class=\"elementor-price-list-item\" href=\"#\">\t\t\t\t\n\t\t\t\t<div class=\"elementor-price-list-text\">\n\t\t\t\t\t\t\t\t\t<div class=\"elementor-price-list-header\">\n\t\t\t\t\t\t\t\t\t\t\t<span class=\"elementor-price-list-title\">\n\t\t\t\t\t\t\tL\u00e5ngsamt rostad iberisk fl\u00e4skmage i en miso-, soja- och orientalisk krydds\u00e5s, serveras med rostad aubergine och romescos\u00e5s\t\t\t\t\t\t<\/span>\n\t\t\t\t\t\t\t\t\t\t\t\t\t\t\t\t\t\t\t\t\t\t\t\t<span class=\"elementor-price-list-price\">23\u20ac<\/span>\n\t\t\t\t\t\t\t\t\t\t<\/div>\n\t\t\t\t\t\t\t\t\t\t\t\t<\/div>\n\t\t\t\t<\/a><\/li>\t\t\t\t\t\t\t\t\t\t\t\t<li class=\"elementor-price-list-item\">\t\t\t\t\n\t\t\t\t<div class=\"elementor-price-list-text\">\n\t\t\t\t\t\t\t\t\t<div class=\"elementor-price-list-header\">\n\t\t\t\t\t\t\t\t\t\t\t<span class=\"elementor-price-list-title\">\n\t\t\t\t\t\t\tL\u00e5ngkokt oxkind i tre sorters vin och doft av kryddnejlika, p\u00e5 zaaluk (auberginkr\u00e4m) och saut\u00e9erade gr\u00f6nsaker\t\t\t\t\t\t<\/span>\n\t\t\t\t\t\t\t\t\t\t\t\t\t\t\t\t\t\t\t\t\t\t\t\t<span class=\"elementor-price-list-price\">23\u20ac<\/span>\n\t\t\t\t\t\t\t\t\t\t<\/div>\n\t\t\t\t\t\t\t\t\t\t\t\t<\/div>\n\t\t\t\t<\/li>\t\t\t\t\t\t\t\t\t\t\t\t<li class=\"elementor-price-list-item\">\t\t\t\t\n\t\t\t\t<div class=\"elementor-price-list-text\">\n\t\t\t\t\t\t\t\t\t<div class=\"elementor-price-list-header\">\n\t\t\t\t\t\t\t\t\t\t\t<span class=\"elementor-price-list-title\">\n\t\t\t\t\t\t\tIberisk fl\u00e4skfil\u00e9 matad med Ekollon, serverad med umeboshi plommons\u00e5s, orientaliska \u00f6rter, svart sesamkr\u00e4m och kanderad s\u00f6tpotatis.\t\t\t\t\t\t<\/span>\n\t\t\t\t\t\t\t\t\t\t\t\t\t\t\t\t\t\t\t\t\t\t\t\t<span class=\"elementor-price-list-price\">23\u20ac<\/span>\n\t\t\t\t\t\t\t\t\t\t<\/div>\n\t\t\t\t\t\t\t\t\t\t\t\t<\/div>\n\t\t\t\t<\/li>\t\t\t\t\t\t\t\t\t\t\t\t<li class=\"elementor-price-list-item\">\t\t\t\t\n\t\t\t\t<div class=\"elementor-price-list-text\">\n\t\t\t\t\t\t\t\t\t<div class=\"elementor-price-list-header\">\n\t\t\t\t\t\t\t\t\t\t\t<span class=\"elementor-price-list-title\">\n\t\t\t\t\t\t\tLagrad n\u00f6ttartar, knaprig vitl\u00f6ksbr\u00f6d, \"mole poblano\", inlagda gr\u00f6nsaker, chipotle chilimajonn\u00e4s och selleri.\t\t\t\t\t\t<\/span>\n\t\t\t\t\t\t\t\t\t\t\t\t\t\t\t\t\t\t\t\t\t\t\t\t<span class=\"elementor-price-list-price\">22\u20ac<\/span>\n\t\t\t\t\t\t\t\t\t\t<\/div>\n\t\t\t\t\t\t\t\t\t\t\t\t<\/div>\n\t\t\t\t<\/li>\t\t\t\t\t\n\t\t<\/ul>\n\n\t\t\t\t\t\t<\/div>\n\t\t\t\t<\/div>\n\t\t\t\t<div class=\"elementor-element elementor-element-aa167f8 elementor-widget-divider--view-line elementor-widget elementor-widget-divider\" data-id=\"aa167f8\" data-element_type=\"widget\" data-widget_type=\"divider.default\">\n\t\t\t\t<div class=\"elementor-widget-container\">\n\t\t\t\t\t\t\t<div class=\"elementor-divider\">\n\t\t\t<span class=\"elementor-divider-separator\">\n\t\t\t\t\t\t<\/span>\n\t\t<\/div>\n\t\t\t\t\t\t<\/div>\n\t\t\t\t<\/div>\n\t\t\t\t<div class=\"elementor-element elementor-element-676d6b6 elementor-widget elementor-widget-heading\" data-id=\"676d6b6\" data-element_type=\"widget\" data-widget_type=\"heading.default\">\n\t\t\t\t<div class=\"elementor-widget-container\">\n\t\t\t\t\t<span class=\"elementor-heading-title elementor-size-default\">Extra garnityr<\/span>\t\t\t\t<\/div>\n\t\t\t\t<\/div>\n\t\t\t\t<div class=\"elementor-element elementor-element-12d8c9b elementor-widget elementor-widget-price-list\" data-id=\"12d8c9b\" data-element_type=\"widget\" data-widget_type=\"price-list.default\">\n\t\t\t\t<div class=\"elementor-widget-container\">\n\t\t\t\t\t\n\t\t<ul class=\"elementor-price-list\">\n\n\t\t\t\t\t\t\t\t\t<li class=\"elementor-price-list-item\">\t\t\t\t\n\t\t\t\t<div class=\"elementor-price-list-text\">\n\t\t\t\t\t\t\t\t\t<div class=\"elementor-price-list-header\">\n\t\t\t\t\t\t\t\t\t\t\t<span class=\"elementor-price-list-title\">\n\t\t\t\t\t\t\tTryffelpotatis\t\t\t\t\t\t<\/span>\n\t\t\t\t\t\t\t\t\t\t\t\t\t\t\t\t\t\t\t\t\t\t\t\t<span class=\"elementor-price-list-price\">5\u20ac<\/span>\n\t\t\t\t\t\t\t\t\t\t<\/div>\n\t\t\t\t\t\t\t\t\t\t\t\t<\/div>\n\t\t\t\t<\/li>\t\t\t\t\t\t\t\t\t\t\t\t<li class=\"elementor-price-list-item\">\t\t\t\t\n\t\t\t\t<div class=\"elementor-price-list-text\">\n\t\t\t\t\t\t\t\t\t<div class=\"elementor-price-list-header\">\n\t\t\t\t\t\t\t\t\t\t\t<span class=\"elementor-price-list-title\">\n\t\t\t\t\t\t\tGr\u00f6nsallad\t\t\t\t\t\t<\/span>\n\t\t\t\t\t\t\t\t\t\t\t\t\t\t\t\t\t\t\t\t\t\t\t\t<span class=\"elementor-price-list-price\">5\u20ac<\/span>\n\t\t\t\t\t\t\t\t\t\t<\/div>\n\t\t\t\t\t\t\t\t\t\t\t\t<\/div>\n\t\t\t\t<\/li>\t\t\t\t\t\t\t\t\t\t\t\t<li class=\"elementor-price-list-item\">\t\t\t\t\n\t\t\t\t<div class=\"elementor-price-list-text\">\n\t\t\t\t\t\t\t\t\t<div class=\"elementor-price-list-header\">\n\t\t\t\t\t\t\t\t\t\t\t<span class=\"elementor-price-list-title\">\n\t\t\t\t\t\t\t\u201cPapas arrugadas con mojo\u201d\t\t\t\t\t\t<\/span>\n\t\t\t\t\t\t\t\t\t\t\t\t\t\t\t\t\t\t\t\t\t\t\t\t<span class=\"elementor-price-list-price\">5\u20ac<\/span>\n\t\t\t\t\t\t\t\t\t\t<\/div>\n\t\t\t\t\t\t\t\t\t\t\t\t<\/div>\n\t\t\t\t<\/li>\t\t\t\t\t\t\t\t\t\t\t\t<li class=\"elementor-price-list-item\">\t\t\t\t\n\t\t\t\t<div class=\"elementor-price-list-text\">\n\t\t\t\t\t\t\t\t\t<div class=\"elementor-price-list-header\">\n\t\t\t\t\t\t\t\t\t\t\t<span class=\"elementor-price-list-title\">\n\t\t\t\t\t\t\tGr\u00f6nsaker med basilika\t\t\t\t\t\t<\/span>\n\t\t\t\t\t\t\t\t\t\t\t\t\t\t\t\t\t\t\t\t\t\t\t\t<span class=\"elementor-price-list-price\">5\u20ac<\/span>\n\t\t\t\t\t\t\t\t\t\t<\/div>\n\t\t\t\t\t\t\t\t\t\t\t\t<\/div>\n\t\t\t\t<\/li>\t\t\t\t\t\n\t\t<\/ul>\n\n\t\t\t\t\t\t<\/div>\n\t\t\t\t<\/div>\n\t\t\t\t<div class=\"elementor-element elementor-element-3db41a3 elementor-widget elementor-widget-spacer\" data-id=\"3db41a3\" data-element_type=\"widget\" data-widget_type=\"spacer.default\">\n\t\t\t\t<div class=\"elementor-widget-container\">\n\t\t\t\t\t\t\t<div class=\"elementor-spacer\">\n\t\t\t<div class=\"elementor-spacer-inner\"><\/div>\n\t\t<\/div>\n\t\t\t\t\t\t<\/div>\n\t\t\t\t<\/div>\n\t\t\t\t<div class=\"elementor-element elementor-element-faff9ab elementor-widget elementor-widget-heading\" data-id=\"faff9ab\" data-element_type=\"widget\" data-widget_type=\"heading.default\">\n\t\t\t\t<div class=\"elementor-widget-container\">\n\t\t\t\t\t<span class=\"elementor-heading-title elementor-size-default\">Om du lider av n\u00e5gon typ av matallergi, v\u00e4nligen meddela servit\u00f6ren. Tack.<\/span>\t\t\t\t<\/div>\n\t\t\t\t<\/div>\n\t\t\t\t\t<\/div>\n\t\t<\/div>\n\t\t\t\t\t<\/div>\n\t\t<\/section>\n\t\t\t\t<section class=\"elementor-section elementor-top-section elementor-element elementor-element-ac93656 elementor-section-height-min-height elementor-section-boxed elementor-section-height-default elementor-section-items-middle\" data-id=\"ac93656\" data-element_type=\"section\" data-settings=\"{&quot;background_background&quot;:&quot;classic&quot;}\">\n\t\t\t\t\t\t<div class=\"elementor-container elementor-column-gap-default\">\n\t\t\t\t\t<div class=\"elementor-column elementor-col-100 elementor-top-column elementor-element elementor-element-30aa006\" data-id=\"30aa006\" data-element_type=\"column\">\n\t\t\t<div class=\"elementor-widget-wrap elementor-element-populated\">\n\t\t\t\t\t\t<div class=\"elementor-element elementor-element-f95f72d elementor-hidden-desktop elementor-hidden-tablet elementor-hidden-mobile elementor-widget elementor-widget-text-editor\" data-id=\"f95f72d\" data-element_type=\"widget\" data-widget_type=\"text-editor.default\">\n\t\t\t\t<div class=\"elementor-widget-container\">\n\t\t\t\t\t\t\t\t\t<h1>chipirones gran canaria, at\u00fan canario, bacalao cocido canario,pulpo al horno, solomillo de vaca canarias, solomillo de frisona, cordero de canarias, ternera frisona canaria, lomo de frisona canaria, lomo de vaca canaria, papas canarias, papas arrugas con mojo picon.<\/h1>\t\t\t\t\t\t\t\t<\/div>\n\t\t\t\t<\/div>\n\t\t\t\t\t<\/div>\n\t\t<\/div>\n\t\t\t\t\t<\/div>\n\t\t<\/section>\n\t\t\t\t<\/div>\n\t\t","protected":false},"excerpt":{"rendered":"<p>Grillad bl\u00e4ckfisk med mexikansk achiote, vitl\u00f6k och limes\u00e5s, p\u00e5 avokado sauterad med koriander och minimajskolvar 22\u20ac Tonfiskbitar marinerade i aromatiska \u00f6rter och sauterade med svarta oliver, kapris, k\u00f6rsb\u00e4rstomater och guacamolepur\u00e9 23\u20ac Torskfil\u00e9 tillagad vid l\u00e5g temperatur p\u00e5 siciliansk aubergine caponata med kr\u00e4mig rostad r\u00f6d paprika och svart olivtapenade 23\u20ac R\u00f6d snapperfil\u00e9 i ingef\u00e4ra-, citrongr\u00e4s- och [&hellip;]<\/p>\n","protected":false},"author":2,"featured_media":0,"parent":0,"menu_order":0,"comment_status":"closed","ping_status":"closed","template":"elementor_header_footer","meta":{"footnotes":""},"class_list":["post-2327","page","type-page","status-publish","hentry"],"yoast_head":"<!-- This site is optimized with the Yoast SEO plugin v26.0 - https:\/\/yoast.com\/wordpress\/plugins\/seo\/ -->\n<title>Huvudr\u00e4tter - Calma Chicha<\/title>\n<meta name=\"description\" content=\"Carta de restaurante canario en Mas Palomas. \u272a Descubre c\u00f3mo comer platos gourmet en Restaurante Calma Chicha.\" \/>\n<meta name=\"robots\" content=\"index, follow, max-snippet:-1, max-image-preview:large, max-video-preview:-1\" \/>\n<link rel=\"canonical\" href=\"https:\/\/cartacalmachicha.com\/platos-principales-gourmet\/\" \/>\n<meta property=\"og:locale\" content=\"sv_SE\" \/>\n<meta property=\"og:type\" content=\"article\" \/>\n<meta property=\"og:title\" content=\"Huvudr\u00e4tter - Calma Chicha\" \/>\n<meta property=\"og:description\" content=\"Carta de restaurante canario en Mas Palomas. \u272a Descubre c\u00f3mo comer platos gourmet en Restaurante Calma Chicha.\" \/>\n<meta property=\"og:url\" content=\"https:\/\/cartacalmachicha.com\/platos-principales-gourmet\/\" \/>\n<meta property=\"og:site_name\" content=\"Calma Chicha\" \/>\n<meta property=\"article:modified_time\" content=\"2026-03-04T16:59:29+00:00\" \/>\n<meta name=\"twitter:card\" content=\"summary_large_image\" \/>\n<meta name=\"twitter:label1\" content=\"Ber\u00e4knad l\u00e4stid\" \/>\n\t<meta name=\"twitter:data1\" content=\"2 minuter\" \/>\n<script type=\"application\/ld+json\" class=\"yoast-schema-graph\">{\"@context\":\"https:\/\/schema.org\",\"@graph\":[{\"@type\":\"WebPage\",\"@id\":\"https:\/\/cartacalmachicha.com\/platos-principales-gourmet\/\",\"url\":\"https:\/\/cartacalmachicha.com\/platos-principales-gourmet\/\",\"name\":\"Huvudr\u00e4tter - Calma Chicha\",\"isPartOf\":{\"@id\":\"https:\/\/cartacalmachicha.com\/#website\"},\"datePublished\":\"2023-04-28T05:46:05+00:00\",\"dateModified\":\"2026-03-04T16:59:29+00:00\",\"description\":\"Carta de restaurante canario en Mas Palomas. \u272a Descubre c\u00f3mo comer platos gourmet en Restaurante Calma Chicha.\",\"breadcrumb\":{\"@id\":\"https:\/\/cartacalmachicha.com\/platos-principales-gourmet\/#breadcrumb\"},\"inLanguage\":\"sv-SE\",\"potentialAction\":[{\"@type\":\"ReadAction\",\"target\":[\"https:\/\/cartacalmachicha.com\/platos-principales-gourmet\/\"]}]},{\"@type\":\"BreadcrumbList\",\"@id\":\"https:\/\/cartacalmachicha.com\/platos-principales-gourmet\/#breadcrumb\",\"itemListElement\":[{\"@type\":\"ListItem\",\"position\":1,\"name\":\"Home\",\"item\":\"https:\/\/cartacalmachicha.com\/\"},{\"@type\":\"ListItem\",\"position\":2,\"name\":\"Huvudr\u00e4tter\"}]},{\"@type\":\"WebSite\",\"@id\":\"https:\/\/cartacalmachicha.com\/#website\",\"url\":\"https:\/\/cartacalmachicha.com\/\",\"name\":\"Calma Chicha\",\"description\":\"\",\"publisher\":{\"@id\":\"https:\/\/cartacalmachicha.com\/#organization\"},\"potentialAction\":[{\"@type\":\"SearchAction\",\"target\":{\"@type\":\"EntryPoint\",\"urlTemplate\":\"https:\/\/cartacalmachicha.com\/?s={search_term_string}\"},\"query-input\":{\"@type\":\"PropertyValueSpecification\",\"valueRequired\":true,\"valueName\":\"search_term_string\"}}],\"inLanguage\":\"sv-SE\"},{\"@type\":\"Organization\",\"@id\":\"https:\/\/cartacalmachicha.com\/#organization\",\"name\":\"Calma Chicha\",\"url\":\"https:\/\/cartacalmachicha.com\/\",\"logo\":{\"@type\":\"ImageObject\",\"inLanguage\":\"sv-SE\",\"@id\":\"https:\/\/cartacalmachicha.com\/#\/schema\/logo\/image\/\",\"url\":\"https:\/\/cartacalmachicha.com\/wp-content\/uploads\/2022\/08\/Logo-Calma-Chicha-BLANCO.png\",\"contentUrl\":\"https:\/\/cartacalmachicha.com\/wp-content\/uploads\/2022\/08\/Logo-Calma-Chicha-BLANCO.png\",\"width\":210,\"height\":220,\"caption\":\"Calma Chicha\"},\"image\":{\"@id\":\"https:\/\/cartacalmachicha.com\/#\/schema\/logo\/image\/\"}}]}<\/script>\n<!-- \/ Yoast SEO plugin. -->","yoast_head_json":{"title":"Huvudr\u00e4tter - Calma Chicha","description":"Carta de restaurante canario en Mas Palomas. \u272a Descubre c\u00f3mo comer platos gourmet en Restaurante Calma Chicha.","robots":{"index":"index","follow":"follow","max-snippet":"max-snippet:-1","max-image-preview":"max-image-preview:large","max-video-preview":"max-video-preview:-1"},"canonical":"https:\/\/cartacalmachicha.com\/platos-principales-gourmet\/","og_locale":"sv_SE","og_type":"article","og_title":"Huvudr\u00e4tter - Calma Chicha","og_description":"Carta de restaurante canario en Mas Palomas. \u272a Descubre c\u00f3mo comer platos gourmet en Restaurante Calma Chicha.","og_url":"https:\/\/cartacalmachicha.com\/platos-principales-gourmet\/","og_site_name":"Calma Chicha","article_modified_time":"2026-03-04T16:59:29+00:00","twitter_card":"summary_large_image","twitter_misc":{"Ber\u00e4knad l\u00e4stid":"2 minuter"},"schema":{"@context":"https:\/\/schema.org","@graph":[{"@type":"WebPage","@id":"https:\/\/cartacalmachicha.com\/platos-principales-gourmet\/","url":"https:\/\/cartacalmachicha.com\/platos-principales-gourmet\/","name":"Huvudr\u00e4tter - Calma Chicha","isPartOf":{"@id":"https:\/\/cartacalmachicha.com\/#website"},"datePublished":"2023-04-28T05:46:05+00:00","dateModified":"2026-03-04T16:59:29+00:00","description":"Carta de restaurante canario en Mas Palomas. \u272a Descubre c\u00f3mo comer platos gourmet en Restaurante Calma Chicha.","breadcrumb":{"@id":"https:\/\/cartacalmachicha.com\/platos-principales-gourmet\/#breadcrumb"},"inLanguage":"sv-SE","potentialAction":[{"@type":"ReadAction","target":["https:\/\/cartacalmachicha.com\/platos-principales-gourmet\/"]}]},{"@type":"BreadcrumbList","@id":"https:\/\/cartacalmachicha.com\/platos-principales-gourmet\/#breadcrumb","itemListElement":[{"@type":"ListItem","position":1,"name":"Home","item":"https:\/\/cartacalmachicha.com\/"},{"@type":"ListItem","position":2,"name":"Huvudr\u00e4tter"}]},{"@type":"WebSite","@id":"https:\/\/cartacalmachicha.com\/#website","url":"https:\/\/cartacalmachicha.com\/","name":"Calma Chicha","description":"","publisher":{"@id":"https:\/\/cartacalmachicha.com\/#organization"},"potentialAction":[{"@type":"SearchAction","target":{"@type":"EntryPoint","urlTemplate":"https:\/\/cartacalmachicha.com\/?s={search_term_string}"},"query-input":{"@type":"PropertyValueSpecification","valueRequired":true,"valueName":"search_term_string"}}],"inLanguage":"sv-SE"},{"@type":"Organization","@id":"https:\/\/cartacalmachicha.com\/#organization","name":"Calma Chicha","url":"https:\/\/cartacalmachicha.com\/","logo":{"@type":"ImageObject","inLanguage":"sv-SE","@id":"https:\/\/cartacalmachicha.com\/#\/schema\/logo\/image\/","url":"https:\/\/cartacalmachicha.com\/wp-content\/uploads\/2022\/08\/Logo-Calma-Chicha-BLANCO.png","contentUrl":"https:\/\/cartacalmachicha.com\/wp-content\/uploads\/2022\/08\/Logo-Calma-Chicha-BLANCO.png","width":210,"height":220,"caption":"Calma Chicha"},"image":{"@id":"https:\/\/cartacalmachicha.com\/#\/schema\/logo\/image\/"}}]}},"_links":{"self":[{"href":"https:\/\/cartacalmachicha.com\/sv\/wp-json\/wp\/v2\/pages\/2327","targetHints":{"allow":["GET"]}}],"collection":[{"href":"https:\/\/cartacalmachicha.com\/sv\/wp-json\/wp\/v2\/pages"}],"about":[{"href":"https:\/\/cartacalmachicha.com\/sv\/wp-json\/wp\/v2\/types\/page"}],"author":[{"embeddable":true,"href":"https:\/\/cartacalmachicha.com\/sv\/wp-json\/wp\/v2\/users\/2"}],"replies":[{"embeddable":true,"href":"https:\/\/cartacalmachicha.com\/sv\/wp-json\/wp\/v2\/comments?post=2327"}],"version-history":[{"count":46,"href":"https:\/\/cartacalmachicha.com\/sv\/wp-json\/wp\/v2\/pages\/2327\/revisions"}],"predecessor-version":[{"id":3796,"href":"https:\/\/cartacalmachicha.com\/sv\/wp-json\/wp\/v2\/pages\/2327\/revisions\/3796"}],"wp:attachment":[{"href":"https:\/\/cartacalmachicha.com\/sv\/wp-json\/wp\/v2\/media?parent=2327"}],"curies":[{"name":"wp","href":"https:\/\/api.w.org\/{rel}","templated":true}]}}