{"id":2332,"date":"2023-04-28T11:30:40","date_gmt":"2023-04-28T09:30:40","guid":{"rendered":"https:\/\/cartacalmachicha.com\/postres\/"},"modified":"2026-03-04T18:00:47","modified_gmt":"2026-03-04T17:00:47","slug":"deserter","status":"publish","type":"page","link":"https:\/\/cartacalmachicha.com\/sv\/deserter\/","title":{"rendered":"Deserter"},"content":{"rendered":"\t\t<div data-elementor-type=\"wp-page\" data-elementor-id=\"2332\" class=\"elementor elementor-2332 elementor-366\" data-elementor-post-type=\"page\">\n\t\t\t\t\t\t<section class=\"elementor-section elementor-top-section elementor-element elementor-element-abe3411 elementor-section-height-min-height elementor-section-boxed elementor-section-height-default elementor-section-items-middle\" data-id=\"abe3411\" data-element_type=\"section\" data-settings=\"{&quot;background_background&quot;:&quot;classic&quot;}\">\n\t\t\t\t\t\t<div class=\"elementor-container elementor-column-gap-default\">\n\t\t\t\t\t<div class=\"elementor-column elementor-col-100 elementor-top-column elementor-element elementor-element-16a6781\" data-id=\"16a6781\" data-element_type=\"column\">\n\t\t\t<div class=\"elementor-widget-wrap\">\n\t\t\t\t\t\t\t<\/div>\n\t\t<\/div>\n\t\t\t\t\t<\/div>\n\t\t<\/section>\n\t\t\t\t<section class=\"elementor-section elementor-top-section elementor-element elementor-element-a1cee94 elementor-section-boxed elementor-section-height-default elementor-section-height-default\" data-id=\"a1cee94\" data-element_type=\"section\" data-settings=\"{&quot;background_background&quot;:&quot;classic&quot;}\">\n\t\t\t\t\t\t<div class=\"elementor-container elementor-column-gap-default\">\n\t\t\t\t\t<div class=\"elementor-column elementor-col-100 elementor-top-column elementor-element elementor-element-44da6eb\" data-id=\"44da6eb\" data-element_type=\"column\">\n\t\t\t<div class=\"elementor-widget-wrap elementor-element-populated\">\n\t\t\t\t\t\t<div class=\"elementor-element elementor-element-06b7500 elementor-widget elementor-widget-price-list\" data-id=\"06b7500\" data-element_type=\"widget\" data-widget_type=\"price-list.default\">\n\t\t\t\t<div class=\"elementor-widget-container\">\n\t\t\t\t\t\n\t\t<ul class=\"elementor-price-list\">\n\n\t\t\t\t\t\t\t\t\t<li class=\"elementor-price-list-item\">\t\t\t\t\n\t\t\t\t<div class=\"elementor-price-list-text\">\n\t\t\t\t\t\t\t\t\t<div class=\"elementor-price-list-header\">\n\t\t\t\t\t\t\t\t\t\t\t<span class=\"elementor-price-list-title\">\n\t\t\t\t\t\t\t\u201cBack to Black\u201d: m\u00f6rk chokladmousse med kardemumma och chili, hallonkr\u00e4m, vinreduktion, m\u00f6rk chokladglass och vodka\t\t\t\t\t\t<\/span>\n\t\t\t\t\t\t\t\t\t\t\t\t\t\t\t\t\t\t\t\t\t\t\t\t<span class=\"elementor-price-list-price\">10\u20ac<\/span>\n\t\t\t\t\t\t\t\t\t\t<\/div>\n\t\t\t\t\t\t\t\t\t\t\t\t\t\t\t<p class=\"elementor-price-list-description\">\n\t\t\t\t\t\t\tRekommenderat vin:Don PX (pedro xim\u00e9nez) . glas 75ml ..... 9\u20ac\t\t\t\t\t\t<\/p>\n\t\t\t\t\t\t\t\t<\/div>\n\t\t\t\t<\/li>\t\t\t\t\t\t\t\t\t\t\t\t<li class=\"elementor-price-list-item\">\t\t\t\t\n\t\t\t\t<div class=\"elementor-price-list-text\">\n\t\t\t\t\t\t\t\t\t<div class=\"elementor-price-list-header\">\n\t\t\t\t\t\t\t\t\t\t\t<span class=\"elementor-price-list-title\">\n\t\t\t\t\t\t\t\u201c Nuts, Nuts, Nutting on Heaven doors \u201c : Valn\u00f6tssemifreddo, hasseln\u00f6tspralin, mandelkr\u00e4m, pistagejord och muskotn\u00f6tsglass\t\t\t\t\t\t<\/span>\n\t\t\t\t\t\t\t\t\t\t\t\t\t\t\t\t\t\t\t\t\t\t\t\t<span class=\"elementor-price-list-price\">10,50\u20ac<\/span>\n\t\t\t\t\t\t\t\t\t\t<\/div>\n\t\t\t\t\t\t\t\t\t\t\t\t\t\t\t<p class=\"elementor-price-list-description\">\n\t\t\t\t\t\t\tRekommenderat vin: Pajarete dulce, D.O. M\u00e1laga (Palomino y pedro xim\u00e9nez). glas 75ml ..... 9\u20ac\t\t\t\t\t\t<\/p>\n\t\t\t\t\t\t\t\t<\/div>\n\t\t\t\t<\/li>\t\t\t\t\t\t\t\t\t\t\t\t<li class=\"elementor-price-list-item\">\t\t\t\t\n\t\t\t\t<div class=\"elementor-price-list-text\">\n\t\t\t\t\t\t\t\t\t<div class=\"elementor-price-list-header\">\n\t\t\t\t\t\t\t\t\t\t\t<span class=\"elementor-price-list-title\">\n\t\t\t\t\t\t\tTiramis\u00fa Calma Chicha 2.5\t\t\t\t\t\t<\/span>\n\t\t\t\t\t\t\t\t\t\t\t\t\t\t\t\t\t\t\t\t\t\t\t\t<span class=\"elementor-price-list-price\">10\u20ac<\/span>\n\t\t\t\t\t\t\t\t\t\t<\/div>\n\t\t\t\t\t\t\t\t\t\t\t\t\t\t\t<p class=\"elementor-price-list-description\">\n\t\t\t\t\t\t\tRekommenderat vin: Royal Cream, Jerez, glas 75ml ..... 7\u20ac\n\t\t\t\t\t\t<\/p>\n\t\t\t\t\t\t\t\t<\/div>\n\t\t\t\t<\/li>\t\t\t\t\t\t\t\t\t\t\t\t<li class=\"elementor-price-list-item\">\t\t\t\t\n\t\t\t\t<div class=\"elementor-price-list-text\">\n\t\t\t\t\t\t\t\t\t<div class=\"elementor-price-list-header\">\n\t\t\t\t\t\t\t\t\t\t\t<span class=\"elementor-price-list-title\">\n\t\t\t\t\t\t\tV\u00e5r konditor Patricias version av citrontarten med asiatiska aromer och smaker... inte alls traditionell!\t\t\t\t\t\t<\/span>\n\t\t\t\t\t\t\t\t\t\t\t\t\t\t\t\t\t\t\t\t\t\t\t\t<span class=\"elementor-price-list-price\">10\u20ac<\/span>\n\t\t\t\t\t\t\t\t\t\t<\/div>\n\t\t\t\t\t\t\t\t\t\t\t\t\t\t\t<p class=\"elementor-price-list-description\">\n\t\t\t\t\t\t\tRekommenderat vin:Moscatel mistela Rafael Ca\u00f1izares. D.O. Alicante. (100% Moscatel) , glas 75ml ..... 7\u20ac\t\t\t\t\t\t<\/p>\n\t\t\t\t\t\t\t\t<\/div>\n\t\t\t\t<\/li>\t\t\t\t\t\t\t\t\t\t\t\t<li class=\"elementor-price-list-item\">\t\t\t\t\n\t\t\t\t<div class=\"elementor-price-list-text\">\n\t\t\t\t\t\t\t\t\t<div class=\"elementor-price-list-header\">\n\t\t\t\t\t\t\t\t\t\t\t<span class=\"elementor-price-list-title\">\n\t\t\t\t\t\t\t\"Summertime\" Mascarpone-mousse fylld med mango, vit chokladkr\u00e4m med passionsfrukt och torr yuzu-mar\u00e4ng\t\t\t\t\t\t<\/span>\n\t\t\t\t\t\t\t\t\t\t\t\t\t\t\t\t\t\t\t\t\t\t\t\t<span class=\"elementor-price-list-price\">10\u20ac<\/span>\n\t\t\t\t\t\t\t\t\t\t<\/div>\n\t\t\t\t\t\t\t\t\t\t\t\t\t\t\t<p class=\"elementor-price-list-description\">\n\t\t\t\t\t\t\tRekommenderat vin:Moscatel mistela Rafael Ca\u00f1izares. D.O. Alicante. (100% Moscatel) , glas 75ml ..... 7\u20ac\n\t\t\t\t\t\t<\/p>\n\t\t\t\t\t\t\t\t<\/div>\n\t\t\t\t<\/li>\t\t\t\t\t\t\t\t\t\t\t\t<li class=\"elementor-price-list-item\">\t\t\t\t\n\t\t\t\t<div class=\"elementor-price-list-text\">\n\t\t\t\t\t\t\t\t\t<div class=\"elementor-price-list-header\">\n\t\t\t\t\t\t\t\t\t\t\t<span class=\"elementor-price-list-title\">\n\t\t\t\t\t\t\tV\u00e5ra glassar\u2026..(pris per kula)\t\t\t\t\t\t<\/span>\n\t\t\t\t\t\t\t\t\t\t\t\t\t\t\t\t\t\t\t\t\t\t\t\t<span class=\"elementor-price-list-price\">3\u20ac<\/span>\n\t\t\t\t\t\t\t\t\t\t<\/div>\n\t\t\t\t\t\t\t\t\t\t\t\t\t\t\t<p class=\"elementor-price-list-description\">\n\t\t\t\t\t\t\tM\u00f6rk choklad, Saltat karamell, Kaffe, Ingef\u00e4ra, Muskotn\u00f6t, Avokado\t\t\t\t\t\t<\/p>\n\t\t\t\t\t\t\t\t<\/div>\n\t\t\t\t<\/li>\t\t\t\t\t\t\t\t\t\t\t\t<li class=\"elementor-price-list-item\">\t\t\t\t\n\t\t\t\t<div class=\"elementor-price-list-text\">\n\t\t\t\t\t\t\t\t\t<div class=\"elementor-price-list-header\">\n\t\t\t\t\t\t\t\t\t\t\t<span class=\"elementor-price-list-title\">\n\t\t\t\t\t\t\tV\u00e5ra sorbeter\t\t\t\t\t\t<\/span>\n\t\t\t\t\t\t\t\t\t\t\t\t\t\t\t\t\t\t\t\t\t\t\t\t<span class=\"elementor-price-list-price\">8\u20ac<\/span>\n\t\t\t\t\t\t\t\t\t\t<\/div>\n\t\t\t\t\t\t\t\t\t\t\t\t\t\t\t<p class=\"elementor-price-list-description\">\n\t\t\t\t\t\t\tJordgubbe med basilika, Mojito, gurka lime och mynta, passionsfrukt och apelsinblomma\t\t\t\t\t\t<\/p>\n\t\t\t\t\t\t\t\t<\/div>\n\t\t\t\t<\/li>\t\t\t\t\t\n\t\t<\/ul>\n\n\t\t\t\t\t\t<\/div>\n\t\t\t\t<\/div>\n\t\t\t\t<div class=\"elementor-element elementor-element-102e18e elementor-widget-divider--view-line elementor-widget elementor-widget-divider\" data-id=\"102e18e\" data-element_type=\"widget\" data-widget_type=\"divider.default\">\n\t\t\t\t<div class=\"elementor-widget-container\">\n\t\t\t\t\t\t\t<div class=\"elementor-divider\">\n\t\t\t<span class=\"elementor-divider-separator\">\n\t\t\t\t\t\t<\/span>\n\t\t<\/div>\n\t\t\t\t\t\t<\/div>\n\t\t\t\t<\/div>\n\t\t\t\t<div class=\"elementor-element elementor-element-e995280 elementor-widget elementor-widget-heading\" data-id=\"e995280\" data-element_type=\"widget\" data-widget_type=\"heading.default\">\n\t\t\t\t<div class=\"elementor-widget-container\">\n\t\t\t\t\t<span class=\"elementor-heading-title elementor-size-default\">S\u00f6ta dessertviner, per glas 75ml<\/span>\t\t\t\t<\/div>\n\t\t\t\t<\/div>\n\t\t\t\t<div class=\"elementor-element elementor-element-9513269 elementor-widget elementor-widget-price-list\" data-id=\"9513269\" data-element_type=\"widget\" data-widget_type=\"price-list.default\">\n\t\t\t\t<div class=\"elementor-widget-container\">\n\t\t\t\t\t\n\t\t<ul class=\"elementor-price-list\">\n\n\t\t\t\t\t\t\t\t\t<li class=\"elementor-price-list-item\">\t\t\t\t\n\t\t\t\t<div class=\"elementor-price-list-text\">\n\t\t\t\t\t\t\t\t\t<div class=\"elementor-price-list-header\">\n\t\t\t\t\t\t\t\t\t\t\t<span class=\"elementor-price-list-title\">\n\t\t\t\t\t\t\tPajarete dulce, D.O. M\u00e1laga (Palomino y pedro xim\u00e9nez)\t\t\t\t\t\t<\/span>\n\t\t\t\t\t\t\t\t\t\t\t\t\t\t\t\t\t\t\t\t\t\t\t\t<span class=\"elementor-price-list-price\">9\u20ac<\/span>\n\t\t\t\t\t\t\t\t\t\t<\/div>\n\t\t\t\t\t\t\t\t\t\t\t\t<\/div>\n\t\t\t\t<\/li>\t\t\t\t\t\t\t\t\t\t\t\t<li class=\"elementor-price-list-item\">\t\t\t\t\n\t\t\t\t<div class=\"elementor-price-list-text\">\n\t\t\t\t\t\t\t\t\t<div class=\"elementor-price-list-header\">\n\t\t\t\t\t\t\t\t\t\t\t<span class=\"elementor-price-list-title\">\n\t\t\t\t\t\t\tRoyal cream , Jerez ( 50% palomino 50%P.X. )\t\t\t\t\t\t<\/span>\n\t\t\t\t\t\t\t\t\t\t\t\t\t\t\t\t\t\t\t\t\t\t\t\t<span class=\"elementor-price-list-price\">7\u20ac<\/span>\n\t\t\t\t\t\t\t\t\t\t<\/div>\n\t\t\t\t\t\t\t\t\t\t\t\t<\/div>\n\t\t\t\t<\/li>\t\t\t\t\t\t\t\t\t\t\t\t<li class=\"elementor-price-list-item\">\t\t\t\t\n\t\t\t\t<div class=\"elementor-price-list-text\">\n\t\t\t\t\t\t\t\t\t<div class=\"elementor-price-list-header\">\n\t\t\t\t\t\t\t\t\t\t\t<span class=\"elementor-price-list-title\">\n\t\t\t\t\t\t\t Moscatel mistela Rafael Ca\u00f1izares. D.O. Alicante. (100% Moscatel)\t\t\t\t\t\t<\/span>\n\t\t\t\t\t\t\t\t\t\t\t\t\t\t\t\t\t\t\t\t\t\t\t\t<span class=\"elementor-price-list-price\">7\u20ac<\/span>\n\t\t\t\t\t\t\t\t\t\t<\/div>\n\t\t\t\t\t\t\t\t\t\t\t\t<\/div>\n\t\t\t\t<\/li>\t\t\t\t\t\t\t\t\t\t\t\t<li class=\"elementor-price-list-item\">\t\t\t\t\n\t\t\t\t<div class=\"elementor-price-list-text\">\n\t\t\t\t\t\t\t\t\t<div class=\"elementor-price-list-header\">\n\t\t\t\t\t\t\t\t\t\t\t<span class=\"elementor-price-list-title\">\n\t\t\t\t\t\t\tDon PX (Pedro Ximenez pasificada) D.O. Montilla Moriles.\t\t\t\t\t\t<\/span>\n\t\t\t\t\t\t\t\t\t\t\t\t\t\t\t\t\t\t\t\t\t\t\t\t<span class=\"elementor-price-list-price\">9\u20ac<\/span>\n\t\t\t\t\t\t\t\t\t\t<\/div>\n\t\t\t\t\t\t\t\t\t\t\t\t<\/div>\n\t\t\t\t<\/li>\t\t\t\t\t\n\t\t<\/ul>\n\n\t\t\t\t\t\t<\/div>\n\t\t\t\t<\/div>\n\t\t\t\t<div class=\"elementor-element elementor-element-3db41a3 elementor-widget elementor-widget-spacer\" data-id=\"3db41a3\" data-element_type=\"widget\" data-widget_type=\"spacer.default\">\n\t\t\t\t<div class=\"elementor-widget-container\">\n\t\t\t\t\t\t\t<div class=\"elementor-spacer\">\n\t\t\t<div class=\"elementor-spacer-inner\"><\/div>\n\t\t<\/div>\n\t\t\t\t\t\t<\/div>\n\t\t\t\t<\/div>\n\t\t\t\t<div class=\"elementor-element elementor-element-faff9ab elementor-widget elementor-widget-heading\" data-id=\"faff9ab\" data-element_type=\"widget\" data-widget_type=\"heading.default\">\n\t\t\t\t<div class=\"elementor-widget-container\">\n\t\t\t\t\t<span class=\"elementor-heading-title elementor-size-default\">Om du lider av n\u00e5gon typ av matallergi, v\u00e4nligen meddela servit\u00f6ren. Tack.<\/span>\t\t\t\t<\/div>\n\t\t\t\t<\/div>\n\t\t\t\t\t<\/div>\n\t\t<\/div>\n\t\t\t\t\t<\/div>\n\t\t<\/section>\n\t\t\t\t<section class=\"elementor-section elementor-top-section elementor-element elementor-element-ac93656 elementor-section-height-min-height elementor-section-boxed elementor-section-height-default elementor-section-items-middle\" data-id=\"ac93656\" data-element_type=\"section\" data-settings=\"{&quot;background_background&quot;:&quot;classic&quot;}\">\n\t\t\t\t\t\t<div class=\"elementor-container elementor-column-gap-default\">\n\t\t\t\t\t<div class=\"elementor-column elementor-col-100 elementor-top-column elementor-element elementor-element-30aa006\" data-id=\"30aa006\" data-element_type=\"column\">\n\t\t\t<div class=\"elementor-widget-wrap elementor-element-populated\">\n\t\t\t\t\t\t<div class=\"elementor-element elementor-element-a930cc4 elementor-hidden-desktop elementor-hidden-tablet elementor-hidden-mobile elementor-widget elementor-widget-text-editor\" data-id=\"a930cc4\" data-element_type=\"widget\" data-widget_type=\"text-editor.default\">\n\t\t\t\t<div class=\"elementor-widget-container\">\n\t\t\t\t\t\t\t\t\t<h1>vino tacoronte, acentejo en gran canarias, listan negro canarias, helado canario.<\/h1>\t\t\t\t\t\t\t\t<\/div>\n\t\t\t\t<\/div>\n\t\t\t\t\t<\/div>\n\t\t<\/div>\n\t\t\t\t\t<\/div>\n\t\t<\/section>\n\t\t\t\t<\/div>\n\t\t","protected":false},"excerpt":{"rendered":"<p>\u201cBack to Black\u201d: m\u00f6rk chokladmousse med kardemumma och chili, hallonkr\u00e4m, vinreduktion, m\u00f6rk chokladglass och vodka 10\u20ac Rekommenderat vin:Don PX (pedro xim\u00e9nez) . glas 75ml &#8230;.. 9\u20ac \u201c Nuts, Nuts, Nutting on Heaven doors \u201c : Valn\u00f6tssemifreddo, hasseln\u00f6tspralin, mandelkr\u00e4m, pistagejord och muskotn\u00f6tsglass 10,50\u20ac Rekommenderat vin: Pajarete dulce, D.O. M\u00e1laga (Palomino y pedro xim\u00e9nez). glas 75ml &#8230;.. [&hellip;]<\/p>\n","protected":false},"author":2,"featured_media":0,"parent":0,"menu_order":0,"comment_status":"closed","ping_status":"closed","template":"elementor_header_footer","meta":{"footnotes":""},"class_list":["post-2332","page","type-page","status-publish","hentry"],"yoast_head":"<!-- This site is optimized with the Yoast SEO plugin v26.0 - https:\/\/yoast.com\/wordpress\/plugins\/seo\/ -->\n<title>Deserter - Calma Chicha<\/title>\n<meta name=\"robots\" content=\"index, follow, max-snippet:-1, max-image-preview:large, max-video-preview:-1\" \/>\n<link rel=\"canonical\" href=\"https:\/\/cartacalmachicha.com\/postres\/\" \/>\n<meta property=\"og:locale\" content=\"sv_SE\" \/>\n<meta property=\"og:type\" content=\"article\" \/>\n<meta property=\"og:title\" content=\"Deserter - Calma Chicha\" \/>\n<meta property=\"og:description\" content=\"\u201cBack to Black\u201d: m\u00f6rk chokladmousse med kardemumma och chili, hallonkr\u00e4m, vinreduktion, m\u00f6rk chokladglass och vodka 10\u20ac Rekommenderat vin:Don PX (pedro xim\u00e9nez) . glas 75ml &#8230;.. 9\u20ac \u201c Nuts, Nuts, Nutting on Heaven doors \u201c : Valn\u00f6tssemifreddo, hasseln\u00f6tspralin, mandelkr\u00e4m, pistagejord och muskotn\u00f6tsglass 10,50\u20ac Rekommenderat vin: Pajarete dulce, D.O. M\u00e1laga (Palomino y pedro xim\u00e9nez). glas 75ml &#8230;.. [&hellip;]\" \/>\n<meta property=\"og:url\" content=\"https:\/\/cartacalmachicha.com\/postres\/\" \/>\n<meta property=\"og:site_name\" content=\"Calma Chicha\" \/>\n<meta property=\"article:modified_time\" content=\"2026-03-04T17:00:47+00:00\" \/>\n<meta name=\"twitter:card\" content=\"summary_large_image\" \/>\n<meta name=\"twitter:label1\" content=\"Ber\u00e4knad l\u00e4stid\" \/>\n\t<meta name=\"twitter:data1\" content=\"2 minuter\" \/>\n<script type=\"application\/ld+json\" class=\"yoast-schema-graph\">{\"@context\":\"https:\/\/schema.org\",\"@graph\":[{\"@type\":\"WebPage\",\"@id\":\"https:\/\/cartacalmachicha.com\/postres\/\",\"url\":\"https:\/\/cartacalmachicha.com\/postres\/\",\"name\":\"Deserter - Calma Chicha\",\"isPartOf\":{\"@id\":\"https:\/\/cartacalmachicha.com\/#website\"},\"datePublished\":\"2023-04-28T09:30:40+00:00\",\"dateModified\":\"2026-03-04T17:00:47+00:00\",\"breadcrumb\":{\"@id\":\"https:\/\/cartacalmachicha.com\/postres\/#breadcrumb\"},\"inLanguage\":\"sv-SE\",\"potentialAction\":[{\"@type\":\"ReadAction\",\"target\":[\"https:\/\/cartacalmachicha.com\/postres\/\"]}]},{\"@type\":\"BreadcrumbList\",\"@id\":\"https:\/\/cartacalmachicha.com\/postres\/#breadcrumb\",\"itemListElement\":[{\"@type\":\"ListItem\",\"position\":1,\"name\":\"Home\",\"item\":\"https:\/\/cartacalmachicha.com\/\"},{\"@type\":\"ListItem\",\"position\":2,\"name\":\"Deserter\"}]},{\"@type\":\"WebSite\",\"@id\":\"https:\/\/cartacalmachicha.com\/#website\",\"url\":\"https:\/\/cartacalmachicha.com\/\",\"name\":\"Calma Chicha\",\"description\":\"\",\"publisher\":{\"@id\":\"https:\/\/cartacalmachicha.com\/#organization\"},\"potentialAction\":[{\"@type\":\"SearchAction\",\"target\":{\"@type\":\"EntryPoint\",\"urlTemplate\":\"https:\/\/cartacalmachicha.com\/?s={search_term_string}\"},\"query-input\":{\"@type\":\"PropertyValueSpecification\",\"valueRequired\":true,\"valueName\":\"search_term_string\"}}],\"inLanguage\":\"sv-SE\"},{\"@type\":\"Organization\",\"@id\":\"https:\/\/cartacalmachicha.com\/#organization\",\"name\":\"Calma Chicha\",\"url\":\"https:\/\/cartacalmachicha.com\/\",\"logo\":{\"@type\":\"ImageObject\",\"inLanguage\":\"sv-SE\",\"@id\":\"https:\/\/cartacalmachicha.com\/#\/schema\/logo\/image\/\",\"url\":\"https:\/\/cartacalmachicha.com\/wp-content\/uploads\/2022\/08\/Logo-Calma-Chicha-BLANCO.png\",\"contentUrl\":\"https:\/\/cartacalmachicha.com\/wp-content\/uploads\/2022\/08\/Logo-Calma-Chicha-BLANCO.png\",\"width\":210,\"height\":220,\"caption\":\"Calma Chicha\"},\"image\":{\"@id\":\"https:\/\/cartacalmachicha.com\/#\/schema\/logo\/image\/\"}}]}<\/script>\n<!-- \/ Yoast SEO plugin. -->","yoast_head_json":{"title":"Deserter - Calma Chicha","robots":{"index":"index","follow":"follow","max-snippet":"max-snippet:-1","max-image-preview":"max-image-preview:large","max-video-preview":"max-video-preview:-1"},"canonical":"https:\/\/cartacalmachicha.com\/postres\/","og_locale":"sv_SE","og_type":"article","og_title":"Deserter - Calma Chicha","og_description":"\u201cBack to Black\u201d: m\u00f6rk chokladmousse med kardemumma och chili, hallonkr\u00e4m, vinreduktion, m\u00f6rk chokladglass och vodka 10\u20ac Rekommenderat vin:Don PX (pedro xim\u00e9nez) . glas 75ml &#8230;.. 9\u20ac \u201c Nuts, Nuts, Nutting on Heaven doors \u201c : Valn\u00f6tssemifreddo, hasseln\u00f6tspralin, mandelkr\u00e4m, pistagejord och muskotn\u00f6tsglass 10,50\u20ac Rekommenderat vin: Pajarete dulce, D.O. M\u00e1laga (Palomino y pedro xim\u00e9nez). glas 75ml &#8230;.. [&hellip;]","og_url":"https:\/\/cartacalmachicha.com\/postres\/","og_site_name":"Calma Chicha","article_modified_time":"2026-03-04T17:00:47+00:00","twitter_card":"summary_large_image","twitter_misc":{"Ber\u00e4knad l\u00e4stid":"2 minuter"},"schema":{"@context":"https:\/\/schema.org","@graph":[{"@type":"WebPage","@id":"https:\/\/cartacalmachicha.com\/postres\/","url":"https:\/\/cartacalmachicha.com\/postres\/","name":"Deserter - Calma Chicha","isPartOf":{"@id":"https:\/\/cartacalmachicha.com\/#website"},"datePublished":"2023-04-28T09:30:40+00:00","dateModified":"2026-03-04T17:00:47+00:00","breadcrumb":{"@id":"https:\/\/cartacalmachicha.com\/postres\/#breadcrumb"},"inLanguage":"sv-SE","potentialAction":[{"@type":"ReadAction","target":["https:\/\/cartacalmachicha.com\/postres\/"]}]},{"@type":"BreadcrumbList","@id":"https:\/\/cartacalmachicha.com\/postres\/#breadcrumb","itemListElement":[{"@type":"ListItem","position":1,"name":"Home","item":"https:\/\/cartacalmachicha.com\/"},{"@type":"ListItem","position":2,"name":"Deserter"}]},{"@type":"WebSite","@id":"https:\/\/cartacalmachicha.com\/#website","url":"https:\/\/cartacalmachicha.com\/","name":"Calma Chicha","description":"","publisher":{"@id":"https:\/\/cartacalmachicha.com\/#organization"},"potentialAction":[{"@type":"SearchAction","target":{"@type":"EntryPoint","urlTemplate":"https:\/\/cartacalmachicha.com\/?s={search_term_string}"},"query-input":{"@type":"PropertyValueSpecification","valueRequired":true,"valueName":"search_term_string"}}],"inLanguage":"sv-SE"},{"@type":"Organization","@id":"https:\/\/cartacalmachicha.com\/#organization","name":"Calma Chicha","url":"https:\/\/cartacalmachicha.com\/","logo":{"@type":"ImageObject","inLanguage":"sv-SE","@id":"https:\/\/cartacalmachicha.com\/#\/schema\/logo\/image\/","url":"https:\/\/cartacalmachicha.com\/wp-content\/uploads\/2022\/08\/Logo-Calma-Chicha-BLANCO.png","contentUrl":"https:\/\/cartacalmachicha.com\/wp-content\/uploads\/2022\/08\/Logo-Calma-Chicha-BLANCO.png","width":210,"height":220,"caption":"Calma Chicha"},"image":{"@id":"https:\/\/cartacalmachicha.com\/#\/schema\/logo\/image\/"}}]}},"_links":{"self":[{"href":"https:\/\/cartacalmachicha.com\/sv\/wp-json\/wp\/v2\/pages\/2332","targetHints":{"allow":["GET"]}}],"collection":[{"href":"https:\/\/cartacalmachicha.com\/sv\/wp-json\/wp\/v2\/pages"}],"about":[{"href":"https:\/\/cartacalmachicha.com\/sv\/wp-json\/wp\/v2\/types\/page"}],"author":[{"embeddable":true,"href":"https:\/\/cartacalmachicha.com\/sv\/wp-json\/wp\/v2\/users\/2"}],"replies":[{"embeddable":true,"href":"https:\/\/cartacalmachicha.com\/sv\/wp-json\/wp\/v2\/comments?post=2332"}],"version-history":[{"count":82,"href":"https:\/\/cartacalmachicha.com\/sv\/wp-json\/wp\/v2\/pages\/2332\/revisions"}],"predecessor-version":[{"id":3802,"href":"https:\/\/cartacalmachicha.com\/sv\/wp-json\/wp\/v2\/pages\/2332\/revisions\/3802"}],"wp:attachment":[{"href":"https:\/\/cartacalmachicha.com\/sv\/wp-json\/wp\/v2\/media?parent=2332"}],"curies":[{"name":"wp","href":"https:\/\/api.w.org\/{rel}","templated":true}]}}